{"id":14055,"date":"2020-06-29T00:27:24","date_gmt":"2020-06-29T00:27:24","guid":{"rendered":"https:\/\/renacimientomarbella.com\/?page_id=14055"},"modified":"2020-06-29T00:27:24","modified_gmt":"2020-06-29T00:27:24","slug":"promociones","status":"publish","type":"page","link":"https:\/\/renacimientomarbella.com\/ar\/promociones","title":{"rendered":"\u0627\u0644\u062a\u0631\u0642\u064a\u0627\u062a"},"content":{"rendered":"<div class=\"wpb-content-wrapper\"><section data-vc-full-width=\"true\" data-vc-full-width-init=\"false\" data-vc-stretch-content=\"true\" class=\"vc_section vc_section-o-content-middle vc_section-flex\"><div data-vc-full-width=\"true\" data-vc-full-width-init=\"false\" data-vc-stretch-content=\"true\" class=\"vc_row wpb_row vc_row-fluid thsn-row thsn-bg-color-yes thsn-bg-color-transparent thsn-zindex-1 thsn-bgimage-position-center-center vc_row-no-padding vc_row-o-content-middle vc_row-flex\">\r\n\t\t\t<div class=\"wpb_column vc_column_container vc_col-sm-12 thsn-column thsn-bg-color-yes thsn-bg-color-transparent thsn-zindex-zero\">\r\n\t<div class=\"vc_column-inner\">\r\n\t\t\t<div class=\"wpb_wrapper\">\r\n\t\t\t\n\t<div  class=\"wpb_single_image wpb_content_element vc_align_center\">\n\t\t\n\t\t<figure class=\"wpb_wrapper vc_figure\">\n\t\t\t<a href=\"https:\/\/renacimientomarbella.com\/ar\/Tratamiento\/nariz\/\" target=\"_self\" class=\"vc_single_image-wrapper   vc_box_border_grey\"><img loading=\"lazy\" decoding=\"async\" width=\"1600\" height=\"1210\" src=\"https:\/\/renacimientomarbella.com\/wp-content\/uploads\/2020\/06\/Promo-RinoPlastia.png\" class=\"vc_single_image-img attachment-full\" alt=\"\" title=\"Promo RinoPlastia\" srcset=\"https:\/\/renacimientomarbella.com\/wp-content\/uploads\/2020\/06\/Promo-RinoPlastia.png 1600w, https:\/\/renacimientomarbella.com\/wp-content\/uploads\/2020\/06\/Promo-RinoPlastia-300x227.png 300w, https:\/\/renacimientomarbella.com\/wp-content\/uploads\/2020\/06\/Promo-RinoPlastia-1024x774.png 1024w, https:\/\/renacimientomarbella.com\/wp-content\/uploads\/2020\/06\/Promo-RinoPlastia-768x581.png 768w, https:\/\/renacimientomarbella.com\/wp-content\/uploads\/2020\/06\/Promo-RinoPlastia-1536x1162.png 1536w, https:\/\/renacimientomarbella.com\/wp-content\/uploads\/2020\/06\/Promo-RinoPlastia-770x582.png 770w\" sizes=\"(max-width: 1600px) 100vw, 1600px\" data-id=\"14057\" \/><\/a>\n\t\t<\/figure>\n\t<\/div>\n\n\t<div  class=\"wpb_single_image wpb_content_element vc_align_center\">\n\t\t\n\t\t<figure class=\"wpb_wrapper vc_figure\">\n\t\t\t<a href=\"https:\/\/renacimientomarbella.com\/ar\/Tratamiento\/protesis-de-gemelos\/\" target=\"_self\" class=\"vc_single_image-wrapper   vc_box_border_grey\"><img loading=\"lazy\" decoding=\"async\" width=\"1600\" height=\"1067\" src=\"https:\/\/renacimientomarbella.com\/wp-content\/uploads\/2020\/06\/promo-protesis-de-gemelos.png\" class=\"vc_single_image-img attachment-full\" alt=\"\" title=\"promo protesis de gemelos\" srcset=\"https:\/\/renacimientomarbella.com\/wp-content\/uploads\/2020\/06\/promo-protesis-de-gemelos.png 1600w, https:\/\/renacimientomarbella.com\/wp-content\/uploads\/2020\/06\/promo-protesis-de-gemelos-300x200.png 300w, https:\/\/renacimientomarbella.com\/wp-content\/uploads\/2020\/06\/promo-protesis-de-gemelos-1024x683.png 1024w, https:\/\/renacimientomarbella.com\/wp-content\/uploads\/2020\/06\/promo-protesis-de-gemelos-768x512.png 768w, https:\/\/renacimientomarbella.com\/wp-content\/uploads\/2020\/06\/promo-protesis-de-gemelos-1536x1024.png 1536w, https:\/\/renacimientomarbella.com\/wp-content\/uploads\/2020\/06\/promo-protesis-de-gemelos-770x513.png 770w\" sizes=\"(max-width: 1600px) 100vw, 1600px\" data-id=\"14056\" \/><\/a>\n\t\t<\/figure>\n\t<\/div>\n\t\t<\/div>\r\n\t<\/div>\r\n<\/div>\r\n<\/div>\r\n<div class=\"vc_row-full-width vc_clearfix\"><\/div><\/section><div class=\"vc_row-full-width vc_clearfix\"><\/div>\n<\/div>","protected":false},"excerpt":{"rendered":"","protected":false},"author":1,"featured_media":0,"parent":0,"menu_order":0,"comment_status":"closed","ping_status":"closed","template":"","meta":{"footnotes":""},"acf":[],"yoast_head":"<!-- This site is optimized with the Yoast SEO Premium plugin v21.7 (Yoast SEO v21.9.1) - https:\/\/yoast.com\/wordpress\/plugins\/seo\/ -->\n<title>Promociones - Cl\u00ednica Renacimiento Marbella<\/title>\n<meta name=\"description\" content=\"Promociones - Escoge la Cl\u00ednica Renacimiento Madrid para tus Tratamientos de Cirug\u00eda y Medicina es\u00e9tica Facial y Corporal.\" \/>\n<meta name=\"robots\" content=\"index, follow, max-snippet:-1, max-image-preview:large, max-video-preview:-1\" \/>\n<link rel=\"canonical\" href=\"https:\/\/renacimientomarbella.com\/ar\/promociones\/\" \/>\n<meta property=\"og:locale\" content=\"ar_AR\" \/>\n<meta property=\"og:type\" content=\"article\" \/>\n<meta property=\"og:title\" content=\"Promociones\" \/>\n<meta property=\"og:description\" content=\"Promociones - Escoge la Cl\u00ednica Renacimiento Madrid para tus Tratamientos de Cirug\u00eda y Medicina es\u00e9tica Facial y Corporal.\" \/>\n<meta property=\"og:url\" content=\"https:\/\/renacimientomarbella.com\/ar\/promociones\/\" \/>\n<meta property=\"og:site_name\" content=\"Cl\u00ednica Renacimiento Marbella\" \/>\n<meta property=\"article:publisher\" content=\"https:\/\/www.facebook.com\/Clinica.Renacimiento.Madrid\" \/>\n<meta property=\"og:image\" content=\"https:\/\/renacimientomarbella.com\/wp-content\/uploads\/2018\/10\/tratamientos-mas-populares-clinica-renacimiento-madrid.jpg\" \/>\n\t<meta property=\"og:image:width\" content=\"1200\" \/>\n\t<meta property=\"og:image:height\" content=\"1000\" \/>\n\t<meta property=\"og:image:type\" content=\"image\/jpeg\" \/>\n<meta name=\"twitter:card\" content=\"summary_large_image\" \/>\n<meta name=\"twitter:site\" content=\"@clinicamadrid\" \/>\n<script type=\"application\/ld+json\" class=\"yoast-schema-graph\">{\"@context\":\"https:\/\/schema.org\",\"@graph\":[{\"@type\":\"WebPage\",\"@id\":\"https:\/\/renacimientomarbella.com\/promociones\",\"url\":\"https:\/\/renacimientomarbella.com\/promociones\",\"name\":\"Promociones - Cl\u00ednica Renacimiento Marbella\",\"isPartOf\":{\"@id\":\"https:\/\/renacimientomarbella.com\/#website\"},\"datePublished\":\"2020-06-29T00:27:24+00:00\",\"dateModified\":\"2020-06-29T00:27:24+00:00\",\"description\":\"Promociones - Escoge la Cl\u00ednica Renacimiento Madrid para tus Tratamientos de Cirug\u00eda y Medicina es\u00e9tica Facial y Corporal.\",\"breadcrumb\":{\"@id\":\"https:\/\/renacimientomarbella.com\/promociones#breadcrumb\"},\"inLanguage\":\"ar\",\"potentialAction\":[{\"@type\":\"ReadAction\",\"target\":[\"https:\/\/renacimientomarbella.com\/promociones\"]}]},{\"@type\":\"BreadcrumbList\",\"@id\":\"https:\/\/renacimientomarbella.com\/promociones#breadcrumb\",\"itemListElement\":[{\"@type\":\"ListItem\",\"position\":1,\"name\":\"Inicio\",\"item\":\"https:\/\/renacimientomarbella.com\/\"},{\"@type\":\"ListItem\",\"position\":2,\"name\":\"Promociones\"}]},{\"@type\":\"WebSite\",\"@id\":\"https:\/\/renacimientomarbella.com\/#website\",\"url\":\"https:\/\/renacimientomarbella.com\/\",\"name\":\"Cl\u00ednica Renacimiento Marbella\",\"description\":\"Cirug\u00eda y Medicina Est\u00e9tica en Marbella\",\"publisher\":{\"@id\":\"https:\/\/renacimientomarbella.com\/#organization\"},\"potentialAction\":[{\"@type\":\"SearchAction\",\"target\":{\"@type\":\"EntryPoint\",\"urlTemplate\":\"https:\/\/renacimientomarbella.com\/?s={search_term_string}\"},\"query-input\":\"required name=search_term_string\"}],\"inLanguage\":\"ar\"},{\"@type\":[\"Organization\",\"Place\",\"MedicalClinic\"],\"@id\":\"https:\/\/renacimientomarbella.com\/#organization\",\"name\":\"Cl\u00ednica Renacimiento Madrid\",\"url\":\"https:\/\/renacimientomarbella.com\/\",\"logo\":{\"@id\":\"https:\/\/renacimientomarbella.com\/promociones#local-main-organization-logo\"},\"image\":{\"@id\":\"https:\/\/renacimientomarbella.com\/promociones#local-main-organization-logo\"},\"sameAs\":[\"https:\/\/www.facebook.com\/Clinica.Renacimiento.Madrid\",\"https:\/\/twitter.com\/clinicamadrid\",\"https:\/\/www.instagram.com\/clinicarenacimiento\/\",\"https:\/\/www.youtube.com\/channel\/UCGguanjUSJnQ_yQzhVa10Yw\"],\"address\":{\"@id\":\"https:\/\/renacimientomarbella.com\/promociones#local-main-place-address\"},\"geo\":{\"@type\":\"GeoCoordinates\",\"latitude\":\"40.424108\",\"longitude\":\"-3.6987307\"},\"telephone\":[\"667597332\",\"915619129\"],\"openingHoursSpecification\":[{\"@type\":\"OpeningHoursSpecification\",\"dayOfWeek\":[\"Monday\",\"Tuesday\",\"Wednesday\",\"Thursday\",\"Friday\"],\"opens\":\"10:00\",\"closes\":\"20:00\"},{\"@type\":\"OpeningHoursSpecification\",\"dayOfWeek\":[\"Saturday\",\"Sunday\"],\"opens\":\"00:00\",\"closes\":\"00:00\"}],\"email\":\"info@renacimientomarbella.com\",\"areaServed\":\"Madrid y Marbella\",\"paymentAccepted\":\"Efectivo, Financiaci\u00f3n, Tarjeta de d\u00e9bito\/cr\u00e9dito, Transferencia bancaria\"},{\"@type\":\"PostalAddress\",\"@id\":\"https:\/\/renacimientomarbella.com\/promociones#local-main-place-address\",\"streetAddress\":\"Calle Pr\u00edncipe de Vergara 55, 1\u00baC\",\"addressLocality\":\"Madrid\",\"postalCode\":\"28006\",\"addressRegion\":\"Comunidad de Madrid\",\"addressCountry\":\"ES\"},{\"@type\":\"ImageObject\",\"inLanguage\":\"ar\",\"@id\":\"https:\/\/renacimientomarbella.com\/promociones#local-main-organization-logo\",\"url\":\"https:\/\/renacimientomarbella.com\/wp-content\/uploads\/2020\/05\/Logo-Clinica-Renacimiento-Marbella.png\",\"contentUrl\":\"https:\/\/renacimientomarbella.com\/wp-content\/uploads\/2020\/05\/Logo-Clinica-Renacimiento-Marbella.png\",\"width\":155,\"height\":54,\"caption\":\"Cl\u00ednica Renacimiento Madrid\"}]}<\/script>\n<meta name=\"geo.placename\" content=\"Madrid\" \/>\n<meta name=\"geo.position\" content=\"40.424108;-3.6987307\" \/>\n<meta name=\"geo.region\" content=\"\u0627\u0633\u0628\u0627\u0646\u064a\u0627\" \/>\n<!-- \/ Yoast SEO Premium plugin. -->","yoast_head_json":{"title":"Promociones - Cl\u00ednica Renacimiento Marbella","description":"Promociones - Escoge la Cl\u00ednica Renacimiento Madrid para tus Tratamientos de Cirug\u00eda y Medicina es\u00e9tica Facial y Corporal.","robots":{"index":"index","follow":"follow","max-snippet":"max-snippet:-1","max-image-preview":"max-image-preview:large","max-video-preview":"max-video-preview:-1"},"canonical":"https:\/\/renacimientomarbella.com\/ar\/promociones\/","og_locale":"ar_AR","og_type":"article","og_title":"Promociones","og_description":"Promociones - Escoge la Cl\u00ednica Renacimiento Madrid para tus Tratamientos de Cirug\u00eda y Medicina es\u00e9tica Facial y Corporal.","og_url":"https:\/\/renacimientomarbella.com\/ar\/promociones\/","og_site_name":"Cl\u00ednica Renacimiento Marbella","article_publisher":"https:\/\/www.facebook.com\/Clinica.Renacimiento.Madrid","og_image":[{"width":1200,"height":1000,"url":"https:\/\/renacimientomarbella.com\/wp-content\/uploads\/2018\/10\/tratamientos-mas-populares-clinica-renacimiento-madrid.jpg","type":"image\/jpeg"}],"twitter_card":"summary_large_image","twitter_site":"@clinicamadrid","schema":{"@context":"https:\/\/schema.org","@graph":[{"@type":"WebPage","@id":"https:\/\/renacimientomarbella.com\/promociones","url":"https:\/\/renacimientomarbella.com\/promociones","name":"Promociones - Cl\u00ednica Renacimiento Marbella","isPartOf":{"@id":"https:\/\/renacimientomarbella.com\/#website"},"datePublished":"2020-06-29T00:27:24+00:00","dateModified":"2020-06-29T00:27:24+00:00","description":"Promociones - Escoge la Cl\u00ednica Renacimiento Madrid para tus Tratamientos de Cirug\u00eda y Medicina es\u00e9tica Facial y Corporal.","breadcrumb":{"@id":"https:\/\/renacimientomarbella.com\/promociones#breadcrumb"},"inLanguage":"ar","potentialAction":[{"@type":"ReadAction","target":["https:\/\/renacimientomarbella.com\/promociones"]}]},{"@type":"BreadcrumbList","@id":"https:\/\/renacimientomarbella.com\/promociones#breadcrumb","itemListElement":[{"@type":"ListItem","position":1,"name":"Inicio","item":"https:\/\/renacimientomarbella.com\/"},{"@type":"ListItem","position":2,"name":"Promociones"}]},{"@type":"WebSite","@id":"https:\/\/renacimientomarbella.com\/#website","url":"https:\/\/renacimientomarbella.com\/","name":"Cl\u00ednica Renacimiento Marbella","description":"Cirug\u00eda y Medicina Est\u00e9tica en Marbella","publisher":{"@id":"https:\/\/renacimientomarbella.com\/#organization"},"potentialAction":[{"@type":"SearchAction","target":{"@type":"EntryPoint","urlTemplate":"https:\/\/renacimientomarbella.com\/?s={search_term_string}"},"query-input":"required name=search_term_string"}],"inLanguage":"ar"},{"@type":["Organization","Place","MedicalClinic"],"@id":"https:\/\/renacimientomarbella.com\/#organization","name":"Cl\u00ednica Renacimiento Madrid","url":"https:\/\/renacimientomarbella.com\/","logo":{"@id":"https:\/\/renacimientomarbella.com\/promociones#local-main-organization-logo"},"image":{"@id":"https:\/\/renacimientomarbella.com\/promociones#local-main-organization-logo"},"sameAs":["https:\/\/www.facebook.com\/Clinica.Renacimiento.Madrid","https:\/\/twitter.com\/clinicamadrid","https:\/\/www.instagram.com\/clinicarenacimiento\/","https:\/\/www.youtube.com\/channel\/UCGguanjUSJnQ_yQzhVa10Yw"],"address":{"@id":"https:\/\/renacimientomarbella.com\/promociones#local-main-place-address"},"geo":{"@type":"GeoCoordinates","latitude":"40.424108","longitude":"-3.6987307"},"telephone":["667597332","915619129"],"openingHoursSpecification":[{"@type":"OpeningHoursSpecification","dayOfWeek":["Monday","Tuesday","Wednesday","Thursday","Friday"],"opens":"10:00","closes":"20:00"},{"@type":"OpeningHoursSpecification","dayOfWeek":["Saturday","Sunday"],"opens":"00:00","closes":"00:00"}],"email":"info@renacimientomarbella.com","areaServed":"Madrid y Marbella","paymentAccepted":"Efectivo, Financiaci\u00f3n, Tarjeta de d\u00e9bito\/cr\u00e9dito, Transferencia bancaria"},{"@type":"PostalAddress","@id":"https:\/\/renacimientomarbella.com\/promociones#local-main-place-address","streetAddress":"Calle Pr\u00edncipe de Vergara 55, 1\u00baC","addressLocality":"Madrid","postalCode":"28006","addressRegion":"Comunidad de Madrid","addressCountry":"ES"},{"@type":"ImageObject","inLanguage":"ar","@id":"https:\/\/renacimientomarbella.com\/promociones#local-main-organization-logo","url":"https:\/\/renacimientomarbella.com\/wp-content\/uploads\/2020\/05\/Logo-Clinica-Renacimiento-Marbella.png","contentUrl":"https:\/\/renacimientomarbella.com\/wp-content\/uploads\/2020\/05\/Logo-Clinica-Renacimiento-Marbella.png","width":155,"height":54,"caption":"Cl\u00ednica Renacimiento Madrid"}]},"geo.placename":"Madrid","geo.position":{"lat":"40.424108","long":"-3.6987307"},"geo.region":"\u0627\u0633\u0628\u0627\u0646\u064a\u0627"},"_links":{"self":[{"href":"https:\/\/renacimientomarbella.com\/ar\/wp-json\/wp\/v2\/pages\/14055"}],"collection":[{"href":"https:\/\/renacimientomarbella.com\/ar\/wp-json\/wp\/v2\/pages"}],"about":[{"href":"https:\/\/renacimientomarbella.com\/ar\/wp-json\/wp\/v2\/types\/page"}],"author":[{"embeddable":true,"href":"https:\/\/renacimientomarbella.com\/ar\/wp-json\/wp\/v2\/users\/1"}],"replies":[{"embeddable":true,"href":"https:\/\/renacimientomarbella.com\/ar\/wp-json\/wp\/v2\/comments?post=14055"}],"version-history":[{"count":0,"href":"https:\/\/renacimientomarbella.com\/ar\/wp-json\/wp\/v2\/pages\/14055\/revisions"}],"wp:attachment":[{"href":"https:\/\/renacimientomarbella.com\/ar\/wp-json\/wp\/v2\/media?parent=14055"}],"curies":[{"name":"wp","href":"https:\/\/api.w.org\/{rel}","templated":true}]}}