{"id":8261,"date":"2018-11-26T05:11:24","date_gmt":"2018-11-26T05:11:24","guid":{"rendered":"http:\/\/localhost\/projects\/solar\/?page_id=8261"},"modified":"2018-11-26T05:11:24","modified_gmt":"2018-11-26T05:11:24","slug":"blog-classic","status":"publish","type":"page","link":"https:\/\/renacimientomarbella.com\/ar\/blog-classic","title":{"rendered":"\u0645\u062f\u0648\u0646\u0629 \u0643\u0644\u0627\u0633\u064a\u0643\u064a\u0629"},"content":{"rendered":"<p>\t\t\t\t\u0627\u0633\u062a\u062e\u062f\u0645 \u0647\u0630\u0647 \u0627\u0644\u0635\u0641\u062d\u0629 \u0627\u0644\u062b\u0627\u0628\u062a\u0629 \u0644\u0627\u062e\u062a\u0628\u0627\u0631 \u0645\u0639\u0627\u0644\u062c\u0629 \u0627\u0644\u0633\u0645\u0629 \u0644\u0635\u0641\u062d\u0629 \u0641\u0647\u0631\u0633 \u0645\u0634\u0627\u0631\u0643\u0627\u062a \u0627\u0644\u0645\u062f\u0648\u0646\u0629. \u0625\u0630\u0627 \u062a\u0645 \u062a\u0639\u064a\u064a\u0646 \u0627\u0644\u0645\u0648\u0642\u0639 \u0644\u0639\u0631\u0636 \u0635\u0641\u062d\u0629 \u062b\u0627\u0628\u062a\u0629 \u0639\u0644\u0649 \u0627\u0644\u0635\u0641\u062d\u0629 \u0627\u0644\u0623\u0648\u0644\u0649 \u060c \u0648\u062a\u0645 \u062a\u0639\u064a\u064a\u0646 \u0647\u0630\u0647 \u0627\u0644\u0635\u0641\u062d\u0629 \u0644\u0639\u0631\u0636 \u0641\u0647\u0631\u0633 \u0645\u0634\u0627\u0631\u0643\u0627\u062a \u0627\u0644\u0645\u062f\u0648\u0646\u0629 \u060c \u0641\u064a\u062c\u0628 \u0623\u0644\u0627 \u064a\u0638\u0647\u0631 \u0647\u0630\u0627 \u0627\u0644\u0646\u0635.\t\t<\/p>","protected":false},"excerpt":{"rendered":"<p>\u0627\u0633\u062a\u062e\u062f\u0645 \u0647\u0630\u0647 \u0627\u0644\u0635\u0641\u062d\u0629 \u0627\u0644\u062b\u0627\u0628\u062a\u0629 \u0644\u0627\u062e\u062a\u0628\u0627\u0631 \u0645\u0639\u0627\u0644\u062c\u0629 \u0627\u0644\u0633\u0645\u0629 \u0644\u0635\u0641\u062d\u0629 \u0641\u0647\u0631\u0633 \u0645\u0634\u0627\u0631\u0643\u0627\u062a \u0627\u0644\u0645\u062f\u0648\u0646\u0629. \u0625\u0630\u0627 \u062a\u0645 \u062a\u0639\u064a\u064a\u0646 \u0627\u0644\u0645\u0648\u0642\u0639 \u0644\u0639\u0631\u0636 \u0635\u0641\u062d\u0629 \u062b\u0627\u0628\u062a\u0629 \u0639\u0644\u0649 \u0627\u0644\u0635\u0641\u062d\u0629 \u0627\u0644\u0623\u0648\u0644\u0649 \u060c \u0648\u062a\u0645 \u062a\u0639\u064a\u064a\u0646 \u0647\u0630\u0647 \u0627\u0644\u0635\u0641\u062d\u0629 \u0644\u0639\u0631\u0636 \u0641\u0647\u0631\u0633 \u0645\u0634\u0627\u0631\u0643\u0627\u062a \u0627\u0644\u0645\u062f\u0648\u0646\u0629 \u060c \u0641\u064a\u062c\u0628 \u0623\u0644\u0627 \u064a\u0638\u0647\u0631 \u0647\u0630\u0627 \u0627\u0644\u0646\u0635.<\/p>","protected":false},"author":1,"featured_media":0,"parent":0,"menu_order":16,"comment_status":"closed","ping_status":"closed","template":"","meta":{"footnotes":""},"acf":[],"yoast_head":"<!-- This site is optimized with the Yoast SEO Premium plugin v21.7 (Yoast SEO v21.9.1) - https:\/\/yoast.com\/wordpress\/plugins\/seo\/ -->\n<title>Blog Classic - Cl\u00ednica Renacimiento Marbella<\/title>\n<meta name=\"description\" content=\"Blog Classic - Escoge la Cl\u00ednica Renacimiento Madrid para tus Tratamientos de Cirug\u00eda y Medicina es\u00e9tica Facial y Corporal.\" \/>\n<meta name=\"robots\" content=\"index, follow, max-snippet:-1, max-image-preview:large, max-video-preview:-1\" \/>\n<link rel=\"canonical\" href=\"https:\/\/renacimientomarbella.com\/ar\/blog-classic\/\" \/>\n<meta property=\"og:locale\" content=\"ar_AR\" \/>\n<meta property=\"og:type\" content=\"article\" \/>\n<meta property=\"og:title\" content=\"Blog Classic\" \/>\n<meta property=\"og:description\" content=\"Blog Classic - Escoge la Cl\u00ednica Renacimiento Madrid para tus Tratamientos de Cirug\u00eda y Medicina es\u00e9tica Facial y Corporal.\" \/>\n<meta property=\"og:url\" content=\"https:\/\/renacimientomarbella.com\/ar\/blog-classic\/\" \/>\n<meta property=\"og:site_name\" content=\"Cl\u00ednica Renacimiento Marbella\" \/>\n<meta property=\"article:publisher\" content=\"https:\/\/www.facebook.com\/Clinica.Renacimiento.Madrid\" \/>\n<meta property=\"og:image\" content=\"https:\/\/renacimientomarbella.com\/wp-content\/uploads\/2018\/10\/tratamientos-mas-populares-clinica-renacimiento-madrid.jpg\" \/>\n\t<meta property=\"og:image:width\" content=\"1200\" \/>\n\t<meta property=\"og:image:height\" content=\"1000\" \/>\n\t<meta property=\"og:image:type\" content=\"image\/jpeg\" \/>\n<meta name=\"twitter:card\" content=\"summary_large_image\" \/>\n<meta name=\"twitter:site\" content=\"@clinicamadrid\" \/>\n<script type=\"application\/ld+json\" class=\"yoast-schema-graph\">{\"@context\":\"https:\/\/schema.org\",\"@graph\":[{\"@type\":\"WebPage\",\"@id\":\"https:\/\/renacimientomarbella.com\/blog-classic\",\"url\":\"https:\/\/renacimientomarbella.com\/blog-classic\",\"name\":\"Blog Classic - Cl\u00ednica Renacimiento Marbella\",\"isPartOf\":{\"@id\":\"https:\/\/renacimientomarbella.com\/#website\"},\"datePublished\":\"2018-11-26T05:11:24+00:00\",\"dateModified\":\"2018-11-26T05:11:24+00:00\",\"description\":\"Blog Classic - Escoge la Cl\u00ednica Renacimiento Madrid para tus Tratamientos de Cirug\u00eda y Medicina es\u00e9tica Facial y Corporal.\",\"breadcrumb\":{\"@id\":\"https:\/\/renacimientomarbella.com\/blog-classic#breadcrumb\"},\"inLanguage\":\"ar\",\"potentialAction\":[{\"@type\":\"ReadAction\",\"target\":[\"https:\/\/renacimientomarbella.com\/blog-classic\"]}]},{\"@type\":\"BreadcrumbList\",\"@id\":\"https:\/\/renacimientomarbella.com\/blog-classic#breadcrumb\",\"itemListElement\":[{\"@type\":\"ListItem\",\"position\":1,\"name\":\"Inicio\",\"item\":\"https:\/\/renacimientomarbella.com\/\"},{\"@type\":\"ListItem\",\"position\":2,\"name\":\"Blog Classic\"}]},{\"@type\":\"WebSite\",\"@id\":\"https:\/\/renacimientomarbella.com\/#website\",\"url\":\"https:\/\/renacimientomarbella.com\/\",\"name\":\"Cl\u00ednica Renacimiento Marbella\",\"description\":\"Cirug\u00eda y Medicina Est\u00e9tica en Marbella\",\"publisher\":{\"@id\":\"https:\/\/renacimientomarbella.com\/#organization\"},\"potentialAction\":[{\"@type\":\"SearchAction\",\"target\":{\"@type\":\"EntryPoint\",\"urlTemplate\":\"https:\/\/renacimientomarbella.com\/?s={search_term_string}\"},\"query-input\":\"required name=search_term_string\"}],\"inLanguage\":\"ar\"},{\"@type\":[\"Organization\",\"Place\",\"MedicalClinic\"],\"@id\":\"https:\/\/renacimientomarbella.com\/#organization\",\"name\":\"Cl\u00ednica Renacimiento Madrid\",\"url\":\"https:\/\/renacimientomarbella.com\/\",\"logo\":{\"@id\":\"https:\/\/renacimientomarbella.com\/blog-classic#local-main-organization-logo\"},\"image\":{\"@id\":\"https:\/\/renacimientomarbella.com\/blog-classic#local-main-organization-logo\"},\"sameAs\":[\"https:\/\/www.facebook.com\/Clinica.Renacimiento.Madrid\",\"https:\/\/twitter.com\/clinicamadrid\",\"https:\/\/www.instagram.com\/clinicarenacimiento\/\",\"https:\/\/www.youtube.com\/channel\/UCGguanjUSJnQ_yQzhVa10Yw\"],\"address\":{\"@id\":\"https:\/\/renacimientomarbella.com\/blog-classic#local-main-place-address\"},\"geo\":{\"@type\":\"GeoCoordinates\",\"latitude\":\"40.424108\",\"longitude\":\"-3.6987307\"},\"telephone\":[\"667597332\",\"915619129\"],\"openingHoursSpecification\":[{\"@type\":\"OpeningHoursSpecification\",\"dayOfWeek\":[\"Monday\",\"Tuesday\",\"Wednesday\",\"Thursday\",\"Friday\"],\"opens\":\"10:00\",\"closes\":\"20:00\"},{\"@type\":\"OpeningHoursSpecification\",\"dayOfWeek\":[\"Saturday\",\"Sunday\"],\"opens\":\"00:00\",\"closes\":\"00:00\"}],\"email\":\"info@renacimientomarbella.com\",\"areaServed\":\"Madrid y Marbella\",\"paymentAccepted\":\"Efectivo, Financiaci\u00f3n, Tarjeta de d\u00e9bito\/cr\u00e9dito, Transferencia bancaria\"},{\"@type\":\"PostalAddress\",\"@id\":\"https:\/\/renacimientomarbella.com\/blog-classic#local-main-place-address\",\"streetAddress\":\"Calle Pr\u00edncipe de Vergara 55, 1\u00baC\",\"addressLocality\":\"Madrid\",\"postalCode\":\"28006\",\"addressRegion\":\"Comunidad de Madrid\",\"addressCountry\":\"ES\"},{\"@type\":\"ImageObject\",\"inLanguage\":\"ar\",\"@id\":\"https:\/\/renacimientomarbella.com\/blog-classic#local-main-organization-logo\",\"url\":\"https:\/\/renacimientomarbella.com\/wp-content\/uploads\/2020\/05\/Logo-Clinica-Renacimiento-Marbella.png\",\"contentUrl\":\"https:\/\/renacimientomarbella.com\/wp-content\/uploads\/2020\/05\/Logo-Clinica-Renacimiento-Marbella.png\",\"width\":155,\"height\":54,\"caption\":\"Cl\u00ednica Renacimiento Madrid\"}]}<\/script>\n<meta name=\"geo.placename\" content=\"Madrid\" \/>\n<meta name=\"geo.position\" content=\"40.424108;-3.6987307\" \/>\n<meta name=\"geo.region\" content=\"\u0627\u0633\u0628\u0627\u0646\u064a\u0627\" \/>\n<!-- \/ Yoast SEO Premium plugin. -->","yoast_head_json":{"title":"Blog Classic - Cl\u00ednica Renacimiento Marbella","description":"Blog Classic - Escoge la Cl\u00ednica Renacimiento Madrid para tus Tratamientos de Cirug\u00eda y Medicina es\u00e9tica Facial y Corporal.","robots":{"index":"index","follow":"follow","max-snippet":"max-snippet:-1","max-image-preview":"max-image-preview:large","max-video-preview":"max-video-preview:-1"},"canonical":"https:\/\/renacimientomarbella.com\/ar\/blog-classic\/","og_locale":"ar_AR","og_type":"article","og_title":"Blog Classic","og_description":"Blog Classic - Escoge la Cl\u00ednica Renacimiento Madrid para tus Tratamientos de Cirug\u00eda y Medicina es\u00e9tica Facial y Corporal.","og_url":"https:\/\/renacimientomarbella.com\/ar\/blog-classic\/","og_site_name":"Cl\u00ednica Renacimiento Marbella","article_publisher":"https:\/\/www.facebook.com\/Clinica.Renacimiento.Madrid","og_image":[{"width":1200,"height":1000,"url":"https:\/\/renacimientomarbella.com\/wp-content\/uploads\/2018\/10\/tratamientos-mas-populares-clinica-renacimiento-madrid.jpg","type":"image\/jpeg"}],"twitter_card":"summary_large_image","twitter_site":"@clinicamadrid","schema":{"@context":"https:\/\/schema.org","@graph":[{"@type":"WebPage","@id":"https:\/\/renacimientomarbella.com\/blog-classic","url":"https:\/\/renacimientomarbella.com\/blog-classic","name":"Blog Classic - Cl\u00ednica Renacimiento Marbella","isPartOf":{"@id":"https:\/\/renacimientomarbella.com\/#website"},"datePublished":"2018-11-26T05:11:24+00:00","dateModified":"2018-11-26T05:11:24+00:00","description":"Blog Classic - Escoge la Cl\u00ednica Renacimiento Madrid para tus Tratamientos de Cirug\u00eda y Medicina es\u00e9tica Facial y Corporal.","breadcrumb":{"@id":"https:\/\/renacimientomarbella.com\/blog-classic#breadcrumb"},"inLanguage":"ar","potentialAction":[{"@type":"ReadAction","target":["https:\/\/renacimientomarbella.com\/blog-classic"]}]},{"@type":"BreadcrumbList","@id":"https:\/\/renacimientomarbella.com\/blog-classic#breadcrumb","itemListElement":[{"@type":"ListItem","position":1,"name":"Inicio","item":"https:\/\/renacimientomarbella.com\/"},{"@type":"ListItem","position":2,"name":"Blog Classic"}]},{"@type":"WebSite","@id":"https:\/\/renacimientomarbella.com\/#website","url":"https:\/\/renacimientomarbella.com\/","name":"Cl\u00ednica Renacimiento Marbella","description":"Cirug\u00eda y Medicina Est\u00e9tica en Marbella","publisher":{"@id":"https:\/\/renacimientomarbella.com\/#organization"},"potentialAction":[{"@type":"SearchAction","target":{"@type":"EntryPoint","urlTemplate":"https:\/\/renacimientomarbella.com\/?s={search_term_string}"},"query-input":"required name=search_term_string"}],"inLanguage":"ar"},{"@type":["Organization","Place","MedicalClinic"],"@id":"https:\/\/renacimientomarbella.com\/#organization","name":"Cl\u00ednica Renacimiento Madrid","url":"https:\/\/renacimientomarbella.com\/","logo":{"@id":"https:\/\/renacimientomarbella.com\/blog-classic#local-main-organization-logo"},"image":{"@id":"https:\/\/renacimientomarbella.com\/blog-classic#local-main-organization-logo"},"sameAs":["https:\/\/www.facebook.com\/Clinica.Renacimiento.Madrid","https:\/\/twitter.com\/clinicamadrid","https:\/\/www.instagram.com\/clinicarenacimiento\/","https:\/\/www.youtube.com\/channel\/UCGguanjUSJnQ_yQzhVa10Yw"],"address":{"@id":"https:\/\/renacimientomarbella.com\/blog-classic#local-main-place-address"},"geo":{"@type":"GeoCoordinates","latitude":"40.424108","longitude":"-3.6987307"},"telephone":["667597332","915619129"],"openingHoursSpecification":[{"@type":"OpeningHoursSpecification","dayOfWeek":["Monday","Tuesday","Wednesday","Thursday","Friday"],"opens":"10:00","closes":"20:00"},{"@type":"OpeningHoursSpecification","dayOfWeek":["Saturday","Sunday"],"opens":"00:00","closes":"00:00"}],"email":"info@renacimientomarbella.com","areaServed":"Madrid y Marbella","paymentAccepted":"Efectivo, Financiaci\u00f3n, Tarjeta de d\u00e9bito\/cr\u00e9dito, Transferencia bancaria"},{"@type":"PostalAddress","@id":"https:\/\/renacimientomarbella.com\/blog-classic#local-main-place-address","streetAddress":"Calle Pr\u00edncipe de Vergara 55, 1\u00baC","addressLocality":"Madrid","postalCode":"28006","addressRegion":"Comunidad de Madrid","addressCountry":"ES"},{"@type":"ImageObject","inLanguage":"ar","@id":"https:\/\/renacimientomarbella.com\/blog-classic#local-main-organization-logo","url":"https:\/\/renacimientomarbella.com\/wp-content\/uploads\/2020\/05\/Logo-Clinica-Renacimiento-Marbella.png","contentUrl":"https:\/\/renacimientomarbella.com\/wp-content\/uploads\/2020\/05\/Logo-Clinica-Renacimiento-Marbella.png","width":155,"height":54,"caption":"Cl\u00ednica Renacimiento Madrid"}]},"geo.placename":"Madrid","geo.position":{"lat":"40.424108","long":"-3.6987307"},"geo.region":"\u0627\u0633\u0628\u0627\u0646\u064a\u0627"},"_links":{"self":[{"href":"https:\/\/renacimientomarbella.com\/ar\/wp-json\/wp\/v2\/pages\/8261"}],"collection":[{"href":"https:\/\/renacimientomarbella.com\/ar\/wp-json\/wp\/v2\/pages"}],"about":[{"href":"https:\/\/renacimientomarbella.com\/ar\/wp-json\/wp\/v2\/types\/page"}],"author":[{"embeddable":true,"href":"https:\/\/renacimientomarbella.com\/ar\/wp-json\/wp\/v2\/users\/1"}],"replies":[{"embeddable":true,"href":"https:\/\/renacimientomarbella.com\/ar\/wp-json\/wp\/v2\/comments?post=8261"}],"version-history":[{"count":0,"href":"https:\/\/renacimientomarbella.com\/ar\/wp-json\/wp\/v2\/pages\/8261\/revisions"}],"wp:attachment":[{"href":"https:\/\/renacimientomarbella.com\/ar\/wp-json\/wp\/v2\/media?parent=8261"}],"curies":[{"name":"wp","href":"https:\/\/api.w.org\/{rel}","templated":true}]}}