{"id":13470,"date":"2020-05-15T15:28:29","date_gmt":"2020-05-15T15:28:29","guid":{"rendered":"https:\/\/renacimientomarbella.com\/avisos-legales"},"modified":"2020-05-15T15:42:09","modified_gmt":"2020-05-15T15:42:09","slug":"avisos-legales","status":"publish","type":"page","link":"https:\/\/renacimientomarbella.com\/de\/avisos-legales","title":{"rendered":"Rechtliche Hinweise"},"content":{"rendered":"<div class=\"wpb-content-wrapper\"><div class=\"vc_row wpb_row vc_row-fluid thsn-row thsn-bg-color-yes thsn-bg-color-transparent thsn-zindex-zero\">\r\n\t\t\t<div class=\"wpb_column vc_column_container vc_col-sm-12 thsn-column thsn-bg-color-yes thsn-bg-color-transparent thsn-zindex-zero\">\r\n\t<div class=\"vc_column-inner\">\r\n\t\t\t<div class=\"wpb_wrapper\">\r\n\t\t\t<div class=\"vc_empty_space\"   style=\"height: 142px\"><span class=\"vc_empty_space_inner\"><\/span><\/div>\n\t<div class=\"wpb_text_column wpb_content_element\" >\n\t\t<div class=\"wpb_wrapper\">\n\t\t\t<div id=\"clickdatos\">\n<p>In diesem rechtlichen Hinweis kann der Benutzer alle Informationen zu den rechtlichen Bedingungen finden, die die Beziehungen zwischen Benutzern und der f\u00fcr die Webseite verantwortlichen Person definieren, auf die unter der URL https:\/\/renacimientomarbella.com (im Folgenden: Website), die die Renaissance-Klinik Internetnutzern zur Verf\u00fcgung stellt.<br \/>\nDie Nutzung der Website setzt die uneingeschr\u00e4nkte und vorbehaltlose Annahme aller in diesem rechtlichen Hinweis enthaltenen Bestimmungen voraus. Infolgedessen muss der Benutzer der Website diesen rechtlichen Hinweis bei jeder Gelegenheit, bei der er die Website nutzen m\u00f6chte, sorgf\u00e4ltig lesen, da der Text nach Ermessen des Inhabers der Website oder aufgrund einer Gesetzes\u00e4nderung ge\u00e4ndert werden kann , juristisch oder in der Gesch\u00e4ftspraxis.<\/p>\n<h2>1.- DATEN DES VERANTWORTLICHEN INHABERS DER WEBSITE.<\/h2>\n<p>Name des Eigent\u00fcmers: Dr. Garc\u00eda Aparicio SL<br \/>\nSitz der Gesellschaft: Calle Pr\u00edncipe de Vergara, 55 1\u00ba C, 28006, Madrid, Spanien<br \/>\nCIF: B81060774<br \/>\nKontakttelefon: 915619129<br \/>\nE-Mail: info@renacimientomarbella.com<br \/>\nDr. Garc\u00eda Aparicio SL ist f\u00fcr die Website verantwortlich und verpflichtet sich, alle nationalen und europ\u00e4ischen Anforderungen einzuhalten, die die Verwendung der personenbezogenen Daten der Benutzer regeln.<\/p>\n<p>Diese Website garantiert den Schutz und die Vertraulichkeit der von Ihnen zur Verf\u00fcgung gestellten personenbezogenen Daten gem\u00e4\u00df den Bestimmungen der Allgemeinen Verordnung zum Schutz personenbezogener Daten (EU) 2016\/679 des Europ\u00e4ischen Parlaments und des Rates vom 27. April 2016 im Bio-Gesetz 3\/2018 \u00fcber den Schutz personenbezogener Daten und die Gew\u00e4hrleistung digitaler Rechte sowie im Gesetz \u00fcber die Dienste der Informationsgesellschaft und des elektronischen Gesch\u00e4ftsverkehrs 34\/2002 vom 11. Juli (LSSI-CE)<\/p>\n<h2>2.- ZWECK.<\/h2>\n<p>Die Website bietet Benutzern, die an ihnen interessiert sind, den gleichen Zugang zu Informationen und Diensten, die von Renaissance Clinic bereitgestellt werden.<\/p>\n<p>Der Zugriff und die Nutzung der Website bestimmen den Zustand des Benutzers der Website (im Folgenden &quot;Benutzer&quot;) und implizieren die Annahme aller in diesem rechtlichen Hinweis enthaltenen Bedingungen sowie deren \u00c4nderungen. Die Bereitstellung des Website-Dienstes hat eine begrenzte Dauer zu dem Zeitpunkt, zu dem der Benutzer mit der Website oder einem der \u00fcber ihn bereitgestellten Dienste verbunden ist. Daher muss der Benutzer diesen rechtlichen Hinweis bei jeder Gelegenheit, bei der er die Website nutzen m\u00f6chte, sorgf\u00e4ltig lesen, da er und seine in diesem rechtlichen Hinweis enthaltenen Nutzungsbedingungen ge\u00e4ndert werden k\u00f6nnen.<\/p>\n<h2>3.- ZUGRIFF UND NUTZUNG DES WEBS.<\/h2>\n<p>3.1.- Freier Zugang und Nutzung des Webs. Der Zugang zur Website ist f\u00fcr die Benutzer kostenlos, mit Ausnahme der Kosten f\u00fcr die Verbindung \u00fcber das Telekommunikationsnetz, das von dem von den Benutzern beauftragten Zugangsanbieter bereitgestellt wird.<br \/>\n3.2.- Benutzerregistrierung. F\u00fcr den Zugriff und die Nutzung der Website ist im Allgemeinen kein vorheriges Abonnement oder keine Registrierung der Benutzer erforderlich.<br \/>\n3.3.- Benutzer garantieren und reagieren in jedem Fall auf die Richtigkeit, G\u00fcltigkeit und Authentizit\u00e4t der bereitgestellten personenbezogenen Daten und verpflichten sich, diese ordnungsgem\u00e4\u00df auf dem neuesten Stand zu halten. Der Benutzer verpflichtet sich, vollst\u00e4ndige und korrekte Informationen im Kontakt- oder Abonnementformular anzugeben.<\/p>\n<p>In keinem Fall werden Daten \u00fcber die berufliche, wirtschaftliche oder private Situation der anderen Familienmitglieder ohne deren Zustimmung vom Minderj\u00e4hrigen erhoben. Wenn Sie unter 13 Jahre alt sind und auf diese Website zugegriffen haben, ohne Ihre Eltern zu benachrichtigen, sollten Sie sich nicht als Benutzer registrieren.<\/p>\n<p>Auf dieser Website werden die pers\u00f6nlichen Daten der Benutzer respektiert und gepflegt. Als Benutzer sollten Sie wissen, dass Ihre Rechte garantiert sind.<\/p>\n<h2>4.- INHALT DES WEBS.<\/h2>\n<p>Die vom Eigent\u00fcmer im Internet verwendete Sprache ist Spanisch. Renaissance Clinic ist nicht verantwortlich f\u00fcr das mangelnde Verst\u00e4ndnis oder Verst\u00e4ndnis der Sprache des Webs durch den Benutzer oder deren Folgen.<br \/>\nRenaissance Clinic kann die Inhalte ohne vorherige Ank\u00fcndigung \u00e4ndern sowie sie im Internet l\u00f6schen und \u00e4ndern, z. B. die Art und Weise, wie auf sie zugegriffen wird, ohne Begr\u00fcndung und frei, ohne f\u00fcr die Folgen verantwortlich zu sein, die sie f\u00fcr die Benutzer verursachen k\u00f6nnen. .<br \/>\nDie Verwendung der Inhalte des Internets zur Werbung, Vergabe oder Verbreitung von Werbung oder Informationen f\u00fcr sich selbst oder f\u00fcr Dritte ist ohne Genehmigung der Renaissance Clinic und ohne das Versenden von Werbung oder Informationen unter Verwendung der Dienste oder Informationen, die zur Verf\u00fcgung gestellt werden, untersagt Benutzer, unabh\u00e4ngig davon, ob die Nutzung kostenlos ist oder nicht.<br \/>\nDie Links oder Hyperlinks, die Dritte in ihre Webseiten einbeziehen und auf diese Webseite verweisen, dienen der Er\u00f6ffnung der gesamten Webseite und d\u00fcrfen weder direkt noch indirekt falsche, ungenaue oder verwirrende Angaben enthalten noch unfaire oder rechtswidrige Handlungen in gegen Renaissance Clinic<\/p>\n<h2>5.- SICHERHEITSMASSNAHMEN.<\/h2>\n<p>Die vom Benutzer \u00fcbermittelten personenbezogenen Daten k\u00f6nnen in automatisierten oder nicht automatisierten Datenbanken gespeichert werden, deren Eigentum ausschlie\u00dflich der Renaissance Clinic entspricht, sofern alle technischen, organisatorischen und Sicherheitsma\u00dfnahmen getroffen werden, die die Vertraulichkeit, Integrit\u00e4t und Qualit\u00e4t der Informationen gew\u00e4hrleisten. in ihnen gem\u00e4\u00df den Bestimmungen der geltenden Vorschriften zum Schutz personenbezogener Daten enthalten.<\/p>\n<h2>6.- HAFTUNGSBESCHR\u00c4NKUNG.<\/h2>\n<p>Sowohl der Zugriff auf die Website als auch die nicht einvernehmliche Verwendung der darin enthaltenen Informationen liegen in der alleinigen Verantwortung des Benutzers. Die Renaissance Clinic ist nicht verantwortlich f\u00fcr Konsequenzen oder Sch\u00e4den, die durch einen solchen Zugang oder eine solche Nutzung entstehen. Renaissance Clinic ist nicht verantwortlich f\u00fcr Sicherheitsfehler oder Sch\u00e4den, die am Computersystem des Benutzers (Hardware und Software) oder an darin gespeicherten Dateien oder Dokumenten verursacht werden k\u00f6nnen, und zwar aufgrund von:<br \/>\n- das Vorhandensein eines Virus auf dem Computer des Benutzers, mit dem eine Verbindung zu den Diensten und Inhalten des Webs hergestellt wird.<br \/>\n- eine Fehlfunktion des Browsers.<br \/>\n- und \/ oder die Verwendung veralteter Versionen davon.<br \/>\nRenaissance Clinic ist nicht verantwortlich f\u00fcr die Zuverl\u00e4ssigkeit und Geschwindigkeit der Hyperlinks, die zum \u00d6ffnen anderer in das Web integriert werden. Renaissance Clinic garantiert weder die N\u00fctzlichkeit dieser Links noch ist es f\u00fcr die Inhalte oder Dienste verantwortlich, auf die der Benutzer \u00fcber diese Links zugreifen kann, noch f\u00fcr das ordnungsgem\u00e4\u00dfe Funktionieren dieser Websites.<br \/>\nRenaissance Clinic ist nicht verantwortlich f\u00fcr Viren oder andere Computerprogramme, die die Computersysteme oder Ger\u00e4te der Benutzer beim Zugriff auf ihre Website oder andere Websites, auf die \u00fcber Links auf dieser Website zugegriffen wurde, verschlechtern oder verschlechtern k\u00f6nnen.<\/p>\n<h2>7.- VERWENDUNG DER \u00abCOOKIE\u00bb -TECHNIK.<\/h2>\n<p>Die Website verwendet m\u00f6glicherweise Cookies oder \u00e4hnliche Technologien, die den Bestimmungen der Cookie-Richtlinie unterliegen, die jederzeit zug\u00e4nglich sind und die Vertraulichkeit und Privatsph\u00e4re des Benutzers respektieren. Dies ist ein wesentlicher Bestandteil dieses rechtlichen Hinweises.<\/p>\n<h2>8. NAVIGATION.<\/h2>\n<p>Internet-Server k\u00f6nnen nicht identifizierbare Daten erfassen, darunter IP-Adressen und andere Daten, die nicht zur Identifizierung des Benutzers verwendet werden k\u00f6nnen. Ihre IP-Adresse wird automatisch in den Zugriffsprotokollen gespeichert, um den Datenverkehr im Internet zuzulassen. Ihr Team muss diese IP-Adresse beim Surfen im Internet angeben, damit die Kommunikation stattfinden kann. Ebenso kann die IP-Adresse verwendet werden, um anonym Statistiken \u00fcber die Anzahl der Besucher dieser Website und deren Herkunft auf v\u00f6llig transparente Weise f\u00fcr das Surfen zu erstellen.<\/p>\n<h2>9.- GEISTIGES UND INDUSTRIELLES EIGENTUM<\/h2>\n<p>Der Benutzer wei\u00df und akzeptiert, dass alle Inhalte und \/ oder sonstigen Elemente der Website Eigentum der Renaissance Clinic sind, und verpflichtet sich, die geistigen und industriellen Eigentumsrechte der Renaissance Clinic zu respektieren. Jede Nutzung der Website oder ihrer Inhalte darf ausschlie\u00dflich privat sein.<br \/>\nEs ist ausschlie\u00dflich der Renaissance Clinic vorbehalten, jeder anderen Verwendung, die das Kopieren, Reproduzieren, Verteilen, Umwandeln, \u00f6ffentliche Kommunikation oder eine \u00e4hnliche Aktion des gesamten oder eines Teils des Webinhalts umfasst, so dass kein Benutzer diese ausf\u00fchren darf Handlungen ohne vorherige schriftliche Genehmigung der Renaissance Clinic<\/p>\n<h2>10.- ANWENDBARE GESETZGEBUNG UND KOMPETENTE GERICHTSSTAND<\/h2>\n<p>Dieser rechtliche Hinweis wird gem\u00e4\u00df spanischem Recht ausgelegt und geregelt. Renaissance Clinic und Benutzer, die ausdr\u00fccklich auf eine andere entsprechende Gerichtsbarkeit verzichten, wenden sich an die Gerichte des Hauses des Benutzers, um Kontroversen zu vermeiden, die sich aus dem Zugriff oder der Nutzung des Internets ergeben k\u00f6nnen. F\u00fcr den Fall, dass der Benutzer seinen Wohnsitz au\u00dferhalb Spaniens hat, unterbreiten sich Renaissance Clinic und der Benutzer unter ausdr\u00fccklicher Aufhebung einer anderen Gerichtsbarkeit den Gerichten des Tribunals von Madrid.<\/p>\n<\/div>\n\n\t\t<\/div>\n\t<\/div>\n\t\t<\/div>\r\n\t<\/div>\r\n<\/div>\r\n<\/div>\r\n\n<\/div>","protected":false},"excerpt":{"rendered":"En el presente Aviso Legal, el Usuario, podr\u00e1 encontrar toda la informaci\u00f3n relativa a las condiciones legales que definen las relaciones entre los usuarios y el responsable de la p\u00e1gina web accesible en la direcci\u00f3n URL https:\/\/renacimientomarbella.com (en adelante, el sitio web), que Cl\u00ednica Renacimiento pone a disposici\u00f3n de los usuarios de Internet. La utilizaci\u00f3n [...]","protected":false},"author":1,"featured_media":0,"parent":0,"menu_order":0,"comment_status":"closed","ping_status":"closed","template":"","meta":{"footnotes":""},"acf":[],"yoast_head":"<!-- This site is optimized with the Yoast SEO Premium plugin v21.7 (Yoast SEO v21.9.1) - https:\/\/yoast.com\/wordpress\/plugins\/seo\/ -->\n<title>Avisos legales - Cl\u00ednica Renacimiento Marbella<\/title>\n<meta name=\"description\" content=\"Avisos legales - Escoge la Cl\u00ednica Renacimiento Madrid para tus Tratamientos de Cirug\u00eda y Medicina es\u00e9tica Facial y Corporal.\" \/>\n<meta name=\"robots\" content=\"index, follow, max-snippet:-1, max-image-preview:large, max-video-preview:-1\" \/>\n<link rel=\"canonical\" href=\"https:\/\/renacimientomarbella.com\/de\/avisos-legales\/\" \/>\n<meta property=\"og:locale\" content=\"de_DE\" \/>\n<meta property=\"og:type\" content=\"article\" \/>\n<meta property=\"og:title\" content=\"Avisos legales\" \/>\n<meta property=\"og:description\" content=\"Avisos legales - Escoge la Cl\u00ednica Renacimiento Madrid para tus Tratamientos de Cirug\u00eda y Medicina es\u00e9tica Facial y Corporal.\" \/>\n<meta property=\"og:url\" content=\"https:\/\/renacimientomarbella.com\/de\/avisos-legales\/\" \/>\n<meta property=\"og:site_name\" content=\"Cl\u00ednica Renacimiento Marbella\" \/>\n<meta property=\"article:publisher\" content=\"https:\/\/www.facebook.com\/Clinica.Renacimiento.Madrid\" \/>\n<meta property=\"article:modified_time\" content=\"2020-05-15T15:42:09+00:00\" \/>\n<meta property=\"og:image\" content=\"https:\/\/renacimientomarbella.com\/wp-content\/uploads\/2018\/10\/tratamientos-mas-populares-clinica-renacimiento-madrid.jpg\" \/>\n\t<meta property=\"og:image:width\" content=\"1200\" \/>\n\t<meta property=\"og:image:height\" content=\"1000\" \/>\n\t<meta property=\"og:image:type\" content=\"image\/jpeg\" \/>\n<meta name=\"twitter:card\" content=\"summary_large_image\" \/>\n<meta name=\"twitter:site\" content=\"@clinicamadrid\" \/>\n<meta name=\"twitter:label1\" content=\"Gesch\u00e4tzte Lesezeit\" \/>\n\t<meta name=\"twitter:data1\" content=\"8\u00a0Minuten\" \/>\n<script type=\"application\/ld+json\" class=\"yoast-schema-graph\">{\"@context\":\"https:\/\/schema.org\",\"@graph\":[{\"@type\":\"WebPage\",\"@id\":\"https:\/\/renacimientomarbella.com\/avisos-legales\",\"url\":\"https:\/\/renacimientomarbella.com\/avisos-legales\",\"name\":\"Avisos legales - Cl\u00ednica Renacimiento Marbella\",\"isPartOf\":{\"@id\":\"https:\/\/renacimientomarbella.com\/#website\"},\"datePublished\":\"2020-05-15T15:28:29+00:00\",\"dateModified\":\"2020-05-15T15:42:09+00:00\",\"description\":\"Avisos legales - Escoge la Cl\u00ednica Renacimiento Madrid para tus Tratamientos de Cirug\u00eda y Medicina es\u00e9tica Facial y Corporal.\",\"breadcrumb\":{\"@id\":\"https:\/\/renacimientomarbella.com\/avisos-legales#breadcrumb\"},\"inLanguage\":\"de\",\"potentialAction\":[{\"@type\":\"ReadAction\",\"target\":[\"https:\/\/renacimientomarbella.com\/avisos-legales\"]}]},{\"@type\":\"BreadcrumbList\",\"@id\":\"https:\/\/renacimientomarbella.com\/avisos-legales#breadcrumb\",\"itemListElement\":[{\"@type\":\"ListItem\",\"position\":1,\"name\":\"Inicio\",\"item\":\"https:\/\/renacimientomarbella.com\/\"},{\"@type\":\"ListItem\",\"position\":2,\"name\":\"Avisos legales\"}]},{\"@type\":\"WebSite\",\"@id\":\"https:\/\/renacimientomarbella.com\/#website\",\"url\":\"https:\/\/renacimientomarbella.com\/\",\"name\":\"Cl\u00ednica Renacimiento Marbella\",\"description\":\"Cirug\u00eda y Medicina Est\u00e9tica en Marbella\",\"publisher\":{\"@id\":\"https:\/\/renacimientomarbella.com\/#organization\"},\"potentialAction\":[{\"@type\":\"SearchAction\",\"target\":{\"@type\":\"EntryPoint\",\"urlTemplate\":\"https:\/\/renacimientomarbella.com\/?s={search_term_string}\"},\"query-input\":\"required name=search_term_string\"}],\"inLanguage\":\"de\"},{\"@type\":[\"Organization\",\"Place\",\"MedicalClinic\"],\"@id\":\"https:\/\/renacimientomarbella.com\/#organization\",\"name\":\"Cl\u00ednica Renacimiento Madrid\",\"url\":\"https:\/\/renacimientomarbella.com\/\",\"logo\":{\"@id\":\"https:\/\/renacimientomarbella.com\/avisos-legales#local-main-organization-logo\"},\"image\":{\"@id\":\"https:\/\/renacimientomarbella.com\/avisos-legales#local-main-organization-logo\"},\"sameAs\":[\"https:\/\/www.facebook.com\/Clinica.Renacimiento.Madrid\",\"https:\/\/twitter.com\/clinicamadrid\",\"https:\/\/www.instagram.com\/clinicarenacimiento\/\",\"https:\/\/www.youtube.com\/channel\/UCGguanjUSJnQ_yQzhVa10Yw\"],\"address\":{\"@id\":\"https:\/\/renacimientomarbella.com\/avisos-legales#local-main-place-address\"},\"geo\":{\"@type\":\"GeoCoordinates\",\"latitude\":\"40.424108\",\"longitude\":\"-3.6987307\"},\"telephone\":[\"667597332\",\"915619129\"],\"openingHoursSpecification\":[{\"@type\":\"OpeningHoursSpecification\",\"dayOfWeek\":[\"Monday\",\"Tuesday\",\"Wednesday\",\"Thursday\",\"Friday\"],\"opens\":\"10:00\",\"closes\":\"20:00\"},{\"@type\":\"OpeningHoursSpecification\",\"dayOfWeek\":[\"Saturday\",\"Sunday\"],\"opens\":\"00:00\",\"closes\":\"00:00\"}],\"email\":\"info@renacimientomarbella.com\",\"areaServed\":\"Madrid y Marbella\",\"paymentAccepted\":\"Efectivo, Financiaci\u00f3n, Tarjeta de d\u00e9bito\/cr\u00e9dito, Transferencia bancaria\"},{\"@type\":\"PostalAddress\",\"@id\":\"https:\/\/renacimientomarbella.com\/avisos-legales#local-main-place-address\",\"streetAddress\":\"Calle Pr\u00edncipe de Vergara 55, 1\u00baC\",\"addressLocality\":\"Madrid\",\"postalCode\":\"28006\",\"addressRegion\":\"Comunidad de Madrid\",\"addressCountry\":\"ES\"},{\"@type\":\"ImageObject\",\"inLanguage\":\"de\",\"@id\":\"https:\/\/renacimientomarbella.com\/avisos-legales#local-main-organization-logo\",\"url\":\"https:\/\/renacimientomarbella.com\/wp-content\/uploads\/2020\/05\/Logo-Clinica-Renacimiento-Marbella.png\",\"contentUrl\":\"https:\/\/renacimientomarbella.com\/wp-content\/uploads\/2020\/05\/Logo-Clinica-Renacimiento-Marbella.png\",\"width\":155,\"height\":54,\"caption\":\"Cl\u00ednica Renacimiento Madrid\"}]}<\/script>\n<meta name=\"geo.placename\" content=\"Madrid\" \/>\n<meta name=\"geo.position\" content=\"40.424108;-3.6987307\" \/>\n<meta name=\"geo.region\" content=\"Spanien\" \/>\n<!-- \/ Yoast SEO Premium plugin. -->","yoast_head_json":{"title":"Avisos legales - Cl\u00ednica Renacimiento Marbella","description":"Avisos legales - Escoge la Cl\u00ednica Renacimiento Madrid para tus Tratamientos de Cirug\u00eda y Medicina es\u00e9tica Facial y Corporal.","robots":{"index":"index","follow":"follow","max-snippet":"max-snippet:-1","max-image-preview":"max-image-preview:large","max-video-preview":"max-video-preview:-1"},"canonical":"https:\/\/renacimientomarbella.com\/de\/avisos-legales\/","og_locale":"de_DE","og_type":"article","og_title":"Avisos legales","og_description":"Avisos legales - Escoge la Cl\u00ednica Renacimiento Madrid para tus Tratamientos de Cirug\u00eda y Medicina es\u00e9tica Facial y Corporal.","og_url":"https:\/\/renacimientomarbella.com\/de\/avisos-legales\/","og_site_name":"Cl\u00ednica Renacimiento Marbella","article_publisher":"https:\/\/www.facebook.com\/Clinica.Renacimiento.Madrid","article_modified_time":"2020-05-15T15:42:09+00:00","og_image":[{"width":1200,"height":1000,"url":"https:\/\/renacimientomarbella.com\/wp-content\/uploads\/2018\/10\/tratamientos-mas-populares-clinica-renacimiento-madrid.jpg","type":"image\/jpeg"}],"twitter_card":"summary_large_image","twitter_site":"@clinicamadrid","twitter_misc":{"Gesch\u00e4tzte Lesezeit":"8\u00a0Minuten"},"schema":{"@context":"https:\/\/schema.org","@graph":[{"@type":"WebPage","@id":"https:\/\/renacimientomarbella.com\/avisos-legales","url":"https:\/\/renacimientomarbella.com\/avisos-legales","name":"Avisos legales - Cl\u00ednica Renacimiento Marbella","isPartOf":{"@id":"https:\/\/renacimientomarbella.com\/#website"},"datePublished":"2020-05-15T15:28:29+00:00","dateModified":"2020-05-15T15:42:09+00:00","description":"Avisos legales - Escoge la Cl\u00ednica Renacimiento Madrid para tus Tratamientos de Cirug\u00eda y Medicina es\u00e9tica Facial y Corporal.","breadcrumb":{"@id":"https:\/\/renacimientomarbella.com\/avisos-legales#breadcrumb"},"inLanguage":"de","potentialAction":[{"@type":"ReadAction","target":["https:\/\/renacimientomarbella.com\/avisos-legales"]}]},{"@type":"BreadcrumbList","@id":"https:\/\/renacimientomarbella.com\/avisos-legales#breadcrumb","itemListElement":[{"@type":"ListItem","position":1,"name":"Inicio","item":"https:\/\/renacimientomarbella.com\/"},{"@type":"ListItem","position":2,"name":"Avisos legales"}]},{"@type":"WebSite","@id":"https:\/\/renacimientomarbella.com\/#website","url":"https:\/\/renacimientomarbella.com\/","name":"Cl\u00ednica Renacimiento Marbella","description":"Cirug\u00eda y Medicina Est\u00e9tica en Marbella","publisher":{"@id":"https:\/\/renacimientomarbella.com\/#organization"},"potentialAction":[{"@type":"SearchAction","target":{"@type":"EntryPoint","urlTemplate":"https:\/\/renacimientomarbella.com\/?s={search_term_string}"},"query-input":"required name=search_term_string"}],"inLanguage":"de"},{"@type":["Organization","Place","MedicalClinic"],"@id":"https:\/\/renacimientomarbella.com\/#organization","name":"Cl\u00ednica Renacimiento Madrid","url":"https:\/\/renacimientomarbella.com\/","logo":{"@id":"https:\/\/renacimientomarbella.com\/avisos-legales#local-main-organization-logo"},"image":{"@id":"https:\/\/renacimientomarbella.com\/avisos-legales#local-main-organization-logo"},"sameAs":["https:\/\/www.facebook.com\/Clinica.Renacimiento.Madrid","https:\/\/twitter.com\/clinicamadrid","https:\/\/www.instagram.com\/clinicarenacimiento\/","https:\/\/www.youtube.com\/channel\/UCGguanjUSJnQ_yQzhVa10Yw"],"address":{"@id":"https:\/\/renacimientomarbella.com\/avisos-legales#local-main-place-address"},"geo":{"@type":"GeoCoordinates","latitude":"40.424108","longitude":"-3.6987307"},"telephone":["667597332","915619129"],"openingHoursSpecification":[{"@type":"OpeningHoursSpecification","dayOfWeek":["Monday","Tuesday","Wednesday","Thursday","Friday"],"opens":"10:00","closes":"20:00"},{"@type":"OpeningHoursSpecification","dayOfWeek":["Saturday","Sunday"],"opens":"00:00","closes":"00:00"}],"email":"info@renacimientomarbella.com","areaServed":"Madrid y Marbella","paymentAccepted":"Efectivo, Financiaci\u00f3n, Tarjeta de d\u00e9bito\/cr\u00e9dito, Transferencia bancaria"},{"@type":"PostalAddress","@id":"https:\/\/renacimientomarbella.com\/avisos-legales#local-main-place-address","streetAddress":"Calle Pr\u00edncipe de Vergara 55, 1\u00baC","addressLocality":"Madrid","postalCode":"28006","addressRegion":"Comunidad de Madrid","addressCountry":"ES"},{"@type":"ImageObject","inLanguage":"de","@id":"https:\/\/renacimientomarbella.com\/avisos-legales#local-main-organization-logo","url":"https:\/\/renacimientomarbella.com\/wp-content\/uploads\/2020\/05\/Logo-Clinica-Renacimiento-Marbella.png","contentUrl":"https:\/\/renacimientomarbella.com\/wp-content\/uploads\/2020\/05\/Logo-Clinica-Renacimiento-Marbella.png","width":155,"height":54,"caption":"Cl\u00ednica Renacimiento Madrid"}]},"geo.placename":"Madrid","geo.position":{"lat":"40.424108","long":"-3.6987307"},"geo.region":"Spanien"},"_links":{"self":[{"href":"https:\/\/renacimientomarbella.com\/de\/wp-json\/wp\/v2\/pages\/13470"}],"collection":[{"href":"https:\/\/renacimientomarbella.com\/de\/wp-json\/wp\/v2\/pages"}],"about":[{"href":"https:\/\/renacimientomarbella.com\/de\/wp-json\/wp\/v2\/types\/page"}],"author":[{"embeddable":true,"href":"https:\/\/renacimientomarbella.com\/de\/wp-json\/wp\/v2\/users\/1"}],"replies":[{"embeddable":true,"href":"https:\/\/renacimientomarbella.com\/de\/wp-json\/wp\/v2\/comments?post=13470"}],"version-history":[{"count":0,"href":"https:\/\/renacimientomarbella.com\/de\/wp-json\/wp\/v2\/pages\/13470\/revisions"}],"wp:attachment":[{"href":"https:\/\/renacimientomarbella.com\/de\/wp-json\/wp\/v2\/media?parent=13470"}],"curies":[{"name":"wp","href":"https:\/\/api.w.org\/{rel}","templated":true}]}}