{"id":13472,"date":"2020-05-15T15:28:29","date_gmt":"2020-05-15T15:28:29","guid":{"rendered":"https:\/\/renacimientomarbella.com\/politica-de-privacidad"},"modified":"2020-05-15T15:39:56","modified_gmt":"2020-05-15T15:39:56","slug":"politica-de-privacidad","status":"publish","type":"page","link":"https:\/\/renacimientomarbella.com\/de\/politica-de-privacidad","title":{"rendered":"Datenschutz-Bestimmungen"},"content":{"rendered":"<div class=\"wpb-content-wrapper\"><div class=\"vc_row wpb_row vc_row-fluid thsn-row thsn-bg-color-yes thsn-bg-color-transparent thsn-zindex-zero\">\r\n\t\t\t<div class=\"wpb_column vc_column_container vc_col-sm-12 thsn-column thsn-bg-color-yes thsn-bg-color-transparent thsn-zindex-zero\">\r\n\t<div class=\"vc_column-inner\">\r\n\t\t\t<div class=\"wpb_wrapper\">\r\n\t\t\t<div class=\"vc_empty_space\"   style=\"height: 122px\"><span class=\"vc_empty_space_inner\"><\/span><\/div>\n\t<div class=\"wpb_text_column wpb_content_element\" >\n\t\t<div class=\"wpb_wrapper\">\n\t\t\t<div id=\"clickdatos\">\n<h2>DATENSCHUTZRICHTLINIEN UND DATENSCHUTZ<\/h2>\n<p>In \u00dcbereinstimmung mit der Verordnung (EU) 2016\/679 des Europ\u00e4ischen Parlaments und des Rates vom 27. April 2016 \u00fcber den Schutz nat\u00fcrlicher Personen bei der Verarbeitung personenbezogener Daten, mit der die Richtlinie 95 aufgehoben wird \/ 46 \/ CE (im Folgenden: RGPD), Gesetz 34\/2002 vom 11. Juli \u00fcber Dienstleistungen der Informationsgesellschaft und des elektronischen Handels (im Folgenden: LSSI-CE) und Organisches Gesetz 3\/2018 Renaissance Clinic garantiert den Schutz und die Vertraulichkeit personenbezogener Daten jeglicher Art, die uns unsere Kunden gem\u00e4\u00df den Bestimmungen der Allgemeinen Bestimmungen von Schutz personenbezogener Daten.<\/p>\n<p>Die bereitgestellten Daten werden gem\u00e4\u00df den in der RGPD festgelegten Bedingungen behandelt. In diesem Sinne hat die Renaissance Clinic die gesetzlich vorgeschriebenen Schutzniveaus \u00fcbernommen und alle ihr zur Verf\u00fcgung stehenden technischen Ma\u00dfnahmen installiert, um Verlust, Missbrauch, \u00c4nderung und Zugang zu verhindern nicht von Dritten autorisiert, siehe unten. Der Benutzer muss sich jedoch bewusst sein, dass Internet-Sicherheitsma\u00dfnahmen nicht uneinnehmbar sind.<\/p>\n<p><strong>Verantwortlich f\u00fcr die Behandlung<\/strong><br \/>\nBezeichnung: Renaissance-Klinik<br \/>\nCIF: B81060774<br \/>\nAdresse: Calle Pr\u00edncipe de Vergara, 55 \u00b0 C, 28006, Madrid, Spanien<br \/>\nTelefon: 915619129<br \/>\nE-Mail: info@renacimientomarbella.com<\/p>\n<p><strong>Zweck der Behandlung<\/strong><br \/>\nAlle Daten, die von unseren Kunden und \/ oder Besuchern auf der Website der Renaissance-Klinik oder ihrer Mitarbeiter bereitgestellt werden, werden in das Register der Aktivit\u00e4ten zur Verarbeitung personenbezogener Daten aufgenommen, die unter der Verantwortung der Renaissance-Klinik erstellt und verwaltet werden und f\u00fcr die Erbringung der Dienstleistungen unerl\u00e4sslich sind. von Benutzern angefordert oder um Zweifel oder Fragen unserer Besucher zu l\u00f6sen. Unsere Richtlinie besteht nicht darin, Profile f\u00fcr die Benutzer unserer Dienste zu erstellen.<\/p>\n<p><strong>Legitimit\u00e4t der Behandlung<\/strong><\/p>\n<ol type=\"a\">\n<li>Vertragsverh\u00e4ltnis: Dies gilt, wenn Sie eines unserer Produkte kaufen oder eine unserer Dienstleistungen in Auftrag geben.<\/li>\n<li>Berechtigtes Interesse: Um die von Ihnen gestellten Fragen und Anspr\u00fcche zu beantworten und die Einziehung der geschuldeten Betr\u00e4ge zu verwalten.<\/li>\n<li>Ihre Einwilligung: Wenn Sie ein Benutzer unserer Website sind, erm\u00e4chtigen Sie uns, Ihnen durch Aktivieren des Kontrollk\u00e4stchens im Kontaktformular die erforderlichen Mitteilungen zu senden, um auf die Anfrage oder Informationsanfrage zu antworten.<\/li>\n<\/ol>\n<p><strong>Adressaten<\/strong><br \/>\nWir geben Ihre personenbezogenen Daten nicht an Dritte weiter, mit Ausnahme der \u00f6ffentlichen oder privaten Einrichtungen, denen wir aufgrund gesetzlicher Bestimmungen zur Angabe Ihrer personenbezogenen Daten verpflichtet sind. Beispielsweise verpflichtet das Steuergesetz, der Steuerbeh\u00f6rde bestimmte Informationen \u00fcber wirtschaftliche T\u00e4tigkeiten zur Verf\u00fcgung zu stellen, die einen bestimmten Betrag \u00fcberschreiten.<\/p>\n<p>F\u00fcr den Fall, dass wir, abgesehen von den oben genannten Annahmen, Ihre pers\u00f6nlichen Daten an andere Unternehmen weitergeben m\u00fcssen, werden wir Ihre Erlaubnis zuvor durch klare Optionen anfordern, die es Ihnen erm\u00f6glichen, diesbez\u00fcglich zu entscheiden.<\/p>\n<p><strong>Kommunikation<\/strong><br \/>\nWir werden Ihre personenbezogenen Daten f\u00fcr keinen der angegebenen Zwecke international \u00fcbermitteln.<br \/>\n(<strong>INTERNER HINWEIS<\/strong>: DIESER ABSATZ MUSS VON DEN VERANTWORTLICHEN GE\u00c4NDERT WERDEN, WENN INTERNATIONALE \u00dcBERTRAGUNGEN WIRKLICH AUFTRETEN. Wir empfehlen Ihnen, um Rat zu bitten, wenn Sie nicht wissen, wie Sie es richtig reflektieren k\u00f6nnen, um die Verordnung einzuhalten.<\/p>\n<p><strong>Erhaltung<\/strong><br \/>\nWir werden Ihre personenbezogenen Daten nur so lange aufbewahren, wie dies zur Erreichung der Zwecke, f\u00fcr die sie erhoben wurden, erforderlich ist. Bei der Festlegung der angemessenen Aufbewahrungsfrist pr\u00fcfen wir die mit der Behandlung verbundenen Risiken sowie unsere vertraglichen, rechtlichen und beh\u00f6rdlichen Verpflichtungen, internen Richtlinien zur Vorratsdatenspeicherung und unsere in dieser Datenschutzerkl\u00e4rung beschriebenen berechtigten Gesch\u00e4ftsinteressen Cookie-Richtlinie.<\/p>\n<p>In diesem Sinne speichert Renaissance Clinic personenbezogene Daten, sobald die Beziehung zu Ihnen ordnungsgem\u00e4\u00df beendet wurde, w\u00e4hrend der Verj\u00e4hrungsfrist f\u00fcr Ma\u00dfnahmen, die sich aus der Beziehung mit der interessierten Partei ergeben k\u00f6nnen.<\/p>\n<p>Nach der Sperrung sind Ihre Daten f\u00fcr die Renaissance Clinic nicht mehr zug\u00e4nglich und werden nur verarbeitet, wenn sie \u00f6ffentlichen Verwaltungen, Richtern und Gerichten zur Verf\u00fcgung gestellt werden, um m\u00f6gliche Verantwortlichkeiten aus den Behandlungen sowie f\u00fcr die Aus\u00fcbung und Verteidigung zu ber\u00fccksichtigen von Anspr\u00fcchen vor der spanischen Agentur f\u00fcr Datenschutz.<\/p>\n<p><strong>Sicherheit<\/strong><br \/>\nWir unternehmen alle zumutbaren Anstrengungen, um die Vertraulichkeit der betreffenden personenbezogenen Daten in unseren Systemen zu gew\u00e4hrleisten. Wir halten strenge Sicherheitsniveaus ein, um die von uns verarbeiteten personenbezogenen Daten vor versehentlichem Verlust und unbefugtem Zugriff, Behandlung oder Offenlegung zu sch\u00fctzen, wobei der Stand der Technik, die Art und die Risiken, denen die Daten ausgesetzt sind, ber\u00fccksichtigt werden. Wir k\u00f6nnen jedoch nicht f\u00fcr die Verwendung der Daten (einschlie\u00dflich Benutzername und Passwort) verantwortlich gemacht werden, die Sie auf unserer Website verwenden. Unsere Mitarbeiter halten sich an strenge Datenschutzbestimmungen. Falls wir Dritte mit der Bereitstellung von Supportleistungen beauftragen, m\u00fcssen diese die gleichen Regeln einhalten und diese pr\u00fcfen, um die Einhaltung zu \u00fcberpr\u00fcfen.<\/p>\n<p><strong>Deine Rechte<\/strong><br \/>\nWir informieren Sie, dass Sie folgende Rechte aus\u00fcben k\u00f6nnen:<\/p>\n<ol type=\"a\">\n<li>Recht auf Zugang zu Ihren pers\u00f6nlichen Daten, um zu erfahren, welche Daten verarbeitet werden und welche Verarbeitungsvorg\u00e4nge mit ihnen durchgef\u00fchrt werden;<\/li>\n<li>Recht auf Berichtigung fehlerhafter personenbezogener Daten;<\/li>\n<li>Recht auf Unterdr\u00fcckung Ihrer pers\u00f6nlichen Daten, wenn dies m\u00f6glich ist (z. B. aus rechtlichen Gr\u00fcnden);<\/li>\n<li>Recht, die Verarbeitung Ihrer personenbezogenen Daten einzuschr\u00e4nken, wenn die Richtigkeit, Rechtm\u00e4\u00dfigkeit oder Notwendigkeit der Datenverarbeitung zweifelhaft ist. In diesem Fall k\u00f6nnen wir sie zur Aus\u00fcbung oder Verteidigung von Anspr\u00fcchen aufbewahren.<\/li>\n<li>Widerspruchsrecht gegen die Behandlung Ihrer personenbezogenen Daten, wenn die Rechtsgrundlage, auf der wir die angegebenen Daten verarbeiten k\u00f6nnen, unser berechtigtes Interesse ist. \u00abNombre_Empresa\u00bb stellt die Verarbeitung Ihrer Daten ein, es sei denn, diese haben ein berechtigtes Interesse oder sind zur Verteidigung von Anspr\u00fcchen erforderlich.<\/li>\n<li>Recht auf Portabilit\u00e4t Ihrer Daten, wenn die Rechtsgrundlage, die uns die Verarbeitung erm\u00f6glicht, das Bestehen eines Vertragsverh\u00e4ltnisses oder Ihre Zustimmung ist.<\/li>\n<li>Recht zum Widerruf der der Renaissance Clinic erteilten Zustimmung<\/li>\n<\/ol>\n<p>Um Ihre Rechte auszu\u00fcben, k\u00f6nnen Sie dies kostenlos und jederzeit tun, indem Sie uns in der Calle Pr\u00edncipe de Vergara, 55 1 \u00b0 C, 28006, Madrid, Spanien, kontaktieren und eine Kopie Ihres Personalausweises beif\u00fcgen.<\/p>\n<p><strong>Schutz der Rechte<\/strong><br \/>\nWenn Sie verstehen, dass Ihre Rechte von unserem Unternehmen vernachl\u00e4ssigt wurden, k\u00f6nnen Sie bei der spanischen Datenschutzbeh\u00f6rde auf folgende Weise einen Anspruch geltend machen:<\/p>\n<ul>\n<li>Elektronische Zentrale: <a href=\"https:\/\/www.aepd.es\">https:\/\/www.aepd.es<\/a><\/li>\n<li>Post: Spanische Agentur f\u00fcr Datenschutz, C \/ Jorge Juan, 6, 28001, Madrid<\/li>\n<li>Telefon: 901.100.099 und 912.663.517<\/li>\n<\/ul>\n<p>Die Einreichung eines Anspruchs bei der spanischen Datenschutzbeh\u00f6rde ist nicht mit Kosten verbunden und die Unterst\u00fctzung eines Anwalts oder Anwalts ist nicht erforderlich.<\/p>\n<p><strong>Aktualisierung<\/strong><br \/>\nRenaissance Clinic beh\u00e4lt sich das Recht vor, diese Richtlinie zu \u00e4ndern, um sie an neue Gesetze oder Rechtsprechungen anzupassen, die die Einhaltung dieser Richtlinien beeintr\u00e4chtigen k\u00f6nnen.<\/p>\n<\/div>\n\n\t\t<\/div>\n\t<\/div>\n\t\t<\/div>\r\n\t<\/div>\r\n<\/div>\r\n<\/div>\r\n\n<\/div>","protected":false},"excerpt":{"rendered":"POL\u00cdTICA DE PRIVACIDAD Y PROTECCI\u00d3N DE DATOS En cumplimiento del Reglamento (UE) 2016\/679 del Parlamento Europeo y del Consejo, de 27 de abril de 2016, relativo a la protecci\u00f3n de las personas f\u00edsicas en lo que respecta al tratamiento de datos personales, por el que se deroga la directiva 95\/46\/CE (en adelante, RGPD), de la [...]","protected":false},"author":1,"featured_media":0,"parent":0,"menu_order":0,"comment_status":"closed","ping_status":"closed","template":"","meta":{"footnotes":""},"acf":[],"yoast_head":"<!-- This site is optimized with the Yoast SEO Premium plugin v21.7 (Yoast SEO v21.9.1) - https:\/\/yoast.com\/wordpress\/plugins\/seo\/ -->\n<title>Pol\u00edtica de privacidad - Cl\u00ednica Renacimiento Marbella<\/title>\n<meta name=\"description\" content=\"Pol\u00edtica de privacidad - Escoge la Cl\u00ednica Renacimiento Madrid para tus Tratamientos de Cirug\u00eda y Medicina es\u00e9tica Facial y Corporal.\" \/>\n<meta name=\"robots\" content=\"index, follow, max-snippet:-1, max-image-preview:large, max-video-preview:-1\" \/>\n<link rel=\"canonical\" href=\"https:\/\/renacimientomarbella.com\/de\/politica-de-privacidad\/\" \/>\n<meta property=\"og:locale\" content=\"de_DE\" \/>\n<meta property=\"og:type\" content=\"article\" \/>\n<meta property=\"og:title\" content=\"Pol\u00edtica de privacidad\" \/>\n<meta property=\"og:description\" content=\"Pol\u00edtica de privacidad - Escoge la Cl\u00ednica Renacimiento Madrid para tus Tratamientos de Cirug\u00eda y Medicina es\u00e9tica Facial y Corporal.\" \/>\n<meta property=\"og:url\" content=\"https:\/\/renacimientomarbella.com\/de\/politica-de-privacidad\/\" \/>\n<meta property=\"og:site_name\" content=\"Cl\u00ednica Renacimiento Marbella\" \/>\n<meta property=\"article:publisher\" content=\"https:\/\/www.facebook.com\/Clinica.Renacimiento.Madrid\" \/>\n<meta property=\"article:modified_time\" content=\"2020-05-15T15:39:56+00:00\" \/>\n<meta property=\"og:image\" content=\"https:\/\/renacimientomarbella.com\/wp-content\/uploads\/2018\/10\/tratamientos-mas-populares-clinica-renacimiento-madrid.jpg\" \/>\n\t<meta property=\"og:image:width\" content=\"1200\" \/>\n\t<meta property=\"og:image:height\" content=\"1000\" \/>\n\t<meta property=\"og:image:type\" content=\"image\/jpeg\" \/>\n<meta name=\"twitter:card\" content=\"summary_large_image\" \/>\n<meta name=\"twitter:site\" content=\"@clinicamadrid\" \/>\n<meta name=\"twitter:label1\" content=\"Gesch\u00e4tzte Lesezeit\" \/>\n\t<meta name=\"twitter:data1\" content=\"6\u00a0Minuten\" \/>\n<script type=\"application\/ld+json\" class=\"yoast-schema-graph\">{\"@context\":\"https:\/\/schema.org\",\"@graph\":[{\"@type\":\"WebPage\",\"@id\":\"https:\/\/renacimientomarbella.com\/politica-de-privacidad\",\"url\":\"https:\/\/renacimientomarbella.com\/politica-de-privacidad\",\"name\":\"Pol\u00edtica de privacidad - Cl\u00ednica Renacimiento Marbella\",\"isPartOf\":{\"@id\":\"https:\/\/renacimientomarbella.com\/#website\"},\"datePublished\":\"2020-05-15T15:28:29+00:00\",\"dateModified\":\"2020-05-15T15:39:56+00:00\",\"description\":\"Pol\u00edtica de privacidad - Escoge la Cl\u00ednica Renacimiento Madrid para tus Tratamientos de Cirug\u00eda y Medicina es\u00e9tica Facial y Corporal.\",\"breadcrumb\":{\"@id\":\"https:\/\/renacimientomarbella.com\/politica-de-privacidad#breadcrumb\"},\"inLanguage\":\"de\",\"potentialAction\":[{\"@type\":\"ReadAction\",\"target\":[\"https:\/\/renacimientomarbella.com\/politica-de-privacidad\"]}]},{\"@type\":\"BreadcrumbList\",\"@id\":\"https:\/\/renacimientomarbella.com\/politica-de-privacidad#breadcrumb\",\"itemListElement\":[{\"@type\":\"ListItem\",\"position\":1,\"name\":\"Inicio\",\"item\":\"https:\/\/renacimientomarbella.com\/\"},{\"@type\":\"ListItem\",\"position\":2,\"name\":\"Pol\u00edtica de privacidad\"}]},{\"@type\":\"WebSite\",\"@id\":\"https:\/\/renacimientomarbella.com\/#website\",\"url\":\"https:\/\/renacimientomarbella.com\/\",\"name\":\"Cl\u00ednica Renacimiento Marbella\",\"description\":\"Cirug\u00eda y Medicina Est\u00e9tica en Marbella\",\"publisher\":{\"@id\":\"https:\/\/renacimientomarbella.com\/#organization\"},\"potentialAction\":[{\"@type\":\"SearchAction\",\"target\":{\"@type\":\"EntryPoint\",\"urlTemplate\":\"https:\/\/renacimientomarbella.com\/?s={search_term_string}\"},\"query-input\":\"required name=search_term_string\"}],\"inLanguage\":\"de\"},{\"@type\":[\"Organization\",\"Place\",\"MedicalClinic\"],\"@id\":\"https:\/\/renacimientomarbella.com\/#organization\",\"name\":\"Cl\u00ednica Renacimiento Madrid\",\"url\":\"https:\/\/renacimientomarbella.com\/\",\"logo\":{\"@id\":\"https:\/\/renacimientomarbella.com\/politica-de-privacidad#local-main-organization-logo\"},\"image\":{\"@id\":\"https:\/\/renacimientomarbella.com\/politica-de-privacidad#local-main-organization-logo\"},\"sameAs\":[\"https:\/\/www.facebook.com\/Clinica.Renacimiento.Madrid\",\"https:\/\/twitter.com\/clinicamadrid\",\"https:\/\/www.instagram.com\/clinicarenacimiento\/\",\"https:\/\/www.youtube.com\/channel\/UCGguanjUSJnQ_yQzhVa10Yw\"],\"address\":{\"@id\":\"https:\/\/renacimientomarbella.com\/politica-de-privacidad#local-main-place-address\"},\"geo\":{\"@type\":\"GeoCoordinates\",\"latitude\":\"40.424108\",\"longitude\":\"-3.6987307\"},\"telephone\":[\"667597332\",\"915619129\"],\"openingHoursSpecification\":[{\"@type\":\"OpeningHoursSpecification\",\"dayOfWeek\":[\"Monday\",\"Tuesday\",\"Wednesday\",\"Thursday\",\"Friday\"],\"opens\":\"10:00\",\"closes\":\"20:00\"},{\"@type\":\"OpeningHoursSpecification\",\"dayOfWeek\":[\"Saturday\",\"Sunday\"],\"opens\":\"00:00\",\"closes\":\"00:00\"}],\"email\":\"info@renacimientomarbella.com\",\"areaServed\":\"Madrid y Marbella\",\"paymentAccepted\":\"Efectivo, Financiaci\u00f3n, Tarjeta de d\u00e9bito\/cr\u00e9dito, Transferencia bancaria\"},{\"@type\":\"PostalAddress\",\"@id\":\"https:\/\/renacimientomarbella.com\/politica-de-privacidad#local-main-place-address\",\"streetAddress\":\"Calle Pr\u00edncipe de Vergara 55, 1\u00baC\",\"addressLocality\":\"Madrid\",\"postalCode\":\"28006\",\"addressRegion\":\"Comunidad de Madrid\",\"addressCountry\":\"ES\"},{\"@type\":\"ImageObject\",\"inLanguage\":\"de\",\"@id\":\"https:\/\/renacimientomarbella.com\/politica-de-privacidad#local-main-organization-logo\",\"url\":\"https:\/\/renacimientomarbella.com\/wp-content\/uploads\/2020\/05\/Logo-Clinica-Renacimiento-Marbella.png\",\"contentUrl\":\"https:\/\/renacimientomarbella.com\/wp-content\/uploads\/2020\/05\/Logo-Clinica-Renacimiento-Marbella.png\",\"width\":155,\"height\":54,\"caption\":\"Cl\u00ednica Renacimiento Madrid\"}]}<\/script>\n<meta name=\"geo.placename\" content=\"Madrid\" \/>\n<meta name=\"geo.position\" content=\"40.424108;-3.6987307\" \/>\n<meta name=\"geo.region\" content=\"Spanien\" \/>\n<!-- \/ Yoast SEO Premium plugin. -->","yoast_head_json":{"title":"Pol\u00edtica de privacidad - Cl\u00ednica Renacimiento Marbella","description":"Pol\u00edtica de privacidad - Escoge la Cl\u00ednica Renacimiento Madrid para tus Tratamientos de Cirug\u00eda y Medicina es\u00e9tica Facial y Corporal.","robots":{"index":"index","follow":"follow","max-snippet":"max-snippet:-1","max-image-preview":"max-image-preview:large","max-video-preview":"max-video-preview:-1"},"canonical":"https:\/\/renacimientomarbella.com\/de\/politica-de-privacidad\/","og_locale":"de_DE","og_type":"article","og_title":"Pol\u00edtica de privacidad","og_description":"Pol\u00edtica de privacidad - Escoge la Cl\u00ednica Renacimiento Madrid para tus Tratamientos de Cirug\u00eda y Medicina es\u00e9tica Facial y Corporal.","og_url":"https:\/\/renacimientomarbella.com\/de\/politica-de-privacidad\/","og_site_name":"Cl\u00ednica Renacimiento Marbella","article_publisher":"https:\/\/www.facebook.com\/Clinica.Renacimiento.Madrid","article_modified_time":"2020-05-15T15:39:56+00:00","og_image":[{"width":1200,"height":1000,"url":"https:\/\/renacimientomarbella.com\/wp-content\/uploads\/2018\/10\/tratamientos-mas-populares-clinica-renacimiento-madrid.jpg","type":"image\/jpeg"}],"twitter_card":"summary_large_image","twitter_site":"@clinicamadrid","twitter_misc":{"Gesch\u00e4tzte Lesezeit":"6\u00a0Minuten"},"schema":{"@context":"https:\/\/schema.org","@graph":[{"@type":"WebPage","@id":"https:\/\/renacimientomarbella.com\/politica-de-privacidad","url":"https:\/\/renacimientomarbella.com\/politica-de-privacidad","name":"Pol\u00edtica de privacidad - Cl\u00ednica Renacimiento Marbella","isPartOf":{"@id":"https:\/\/renacimientomarbella.com\/#website"},"datePublished":"2020-05-15T15:28:29+00:00","dateModified":"2020-05-15T15:39:56+00:00","description":"Pol\u00edtica de privacidad - Escoge la Cl\u00ednica Renacimiento Madrid para tus Tratamientos de Cirug\u00eda y Medicina es\u00e9tica Facial y Corporal.","breadcrumb":{"@id":"https:\/\/renacimientomarbella.com\/politica-de-privacidad#breadcrumb"},"inLanguage":"de","potentialAction":[{"@type":"ReadAction","target":["https:\/\/renacimientomarbella.com\/politica-de-privacidad"]}]},{"@type":"BreadcrumbList","@id":"https:\/\/renacimientomarbella.com\/politica-de-privacidad#breadcrumb","itemListElement":[{"@type":"ListItem","position":1,"name":"Inicio","item":"https:\/\/renacimientomarbella.com\/"},{"@type":"ListItem","position":2,"name":"Pol\u00edtica de privacidad"}]},{"@type":"WebSite","@id":"https:\/\/renacimientomarbella.com\/#website","url":"https:\/\/renacimientomarbella.com\/","name":"Cl\u00ednica Renacimiento Marbella","description":"Cirug\u00eda y Medicina Est\u00e9tica en Marbella","publisher":{"@id":"https:\/\/renacimientomarbella.com\/#organization"},"potentialAction":[{"@type":"SearchAction","target":{"@type":"EntryPoint","urlTemplate":"https:\/\/renacimientomarbella.com\/?s={search_term_string}"},"query-input":"required name=search_term_string"}],"inLanguage":"de"},{"@type":["Organization","Place","MedicalClinic"],"@id":"https:\/\/renacimientomarbella.com\/#organization","name":"Cl\u00ednica Renacimiento Madrid","url":"https:\/\/renacimientomarbella.com\/","logo":{"@id":"https:\/\/renacimientomarbella.com\/politica-de-privacidad#local-main-organization-logo"},"image":{"@id":"https:\/\/renacimientomarbella.com\/politica-de-privacidad#local-main-organization-logo"},"sameAs":["https:\/\/www.facebook.com\/Clinica.Renacimiento.Madrid","https:\/\/twitter.com\/clinicamadrid","https:\/\/www.instagram.com\/clinicarenacimiento\/","https:\/\/www.youtube.com\/channel\/UCGguanjUSJnQ_yQzhVa10Yw"],"address":{"@id":"https:\/\/renacimientomarbella.com\/politica-de-privacidad#local-main-place-address"},"geo":{"@type":"GeoCoordinates","latitude":"40.424108","longitude":"-3.6987307"},"telephone":["667597332","915619129"],"openingHoursSpecification":[{"@type":"OpeningHoursSpecification","dayOfWeek":["Monday","Tuesday","Wednesday","Thursday","Friday"],"opens":"10:00","closes":"20:00"},{"@type":"OpeningHoursSpecification","dayOfWeek":["Saturday","Sunday"],"opens":"00:00","closes":"00:00"}],"email":"info@renacimientomarbella.com","areaServed":"Madrid y Marbella","paymentAccepted":"Efectivo, Financiaci\u00f3n, Tarjeta de d\u00e9bito\/cr\u00e9dito, Transferencia bancaria"},{"@type":"PostalAddress","@id":"https:\/\/renacimientomarbella.com\/politica-de-privacidad#local-main-place-address","streetAddress":"Calle Pr\u00edncipe de Vergara 55, 1\u00baC","addressLocality":"Madrid","postalCode":"28006","addressRegion":"Comunidad de Madrid","addressCountry":"ES"},{"@type":"ImageObject","inLanguage":"de","@id":"https:\/\/renacimientomarbella.com\/politica-de-privacidad#local-main-organization-logo","url":"https:\/\/renacimientomarbella.com\/wp-content\/uploads\/2020\/05\/Logo-Clinica-Renacimiento-Marbella.png","contentUrl":"https:\/\/renacimientomarbella.com\/wp-content\/uploads\/2020\/05\/Logo-Clinica-Renacimiento-Marbella.png","width":155,"height":54,"caption":"Cl\u00ednica Renacimiento Madrid"}]},"geo.placename":"Madrid","geo.position":{"lat":"40.424108","long":"-3.6987307"},"geo.region":"Spanien"},"_links":{"self":[{"href":"https:\/\/renacimientomarbella.com\/de\/wp-json\/wp\/v2\/pages\/13472"}],"collection":[{"href":"https:\/\/renacimientomarbella.com\/de\/wp-json\/wp\/v2\/pages"}],"about":[{"href":"https:\/\/renacimientomarbella.com\/de\/wp-json\/wp\/v2\/types\/page"}],"author":[{"embeddable":true,"href":"https:\/\/renacimientomarbella.com\/de\/wp-json\/wp\/v2\/users\/1"}],"replies":[{"embeddable":true,"href":"https:\/\/renacimientomarbella.com\/de\/wp-json\/wp\/v2\/comments?post=13472"}],"version-history":[{"count":0,"href":"https:\/\/renacimientomarbella.com\/de\/wp-json\/wp\/v2\/pages\/13472\/revisions"}],"wp:attachment":[{"href":"https:\/\/renacimientomarbella.com\/de\/wp-json\/wp\/v2\/media?parent=13472"}],"curies":[{"name":"wp","href":"https:\/\/api.w.org\/{rel}","templated":true}]}}