{"id":13525,"date":"2020-05-16T01:06:07","date_gmt":"2020-05-16T01:06:07","guid":{"rendered":"https:\/\/renacimientomarbella.com\/?page_id=13525"},"modified":"2022-02-09T16:25:25","modified_gmt":"2022-02-09T16:25:25","slug":"financiacion","status":"publish","type":"page","link":"https:\/\/renacimientomarbella.com\/de\/financiacion","title":{"rendered":"Finanzierung"},"content":{"rendered":"<div class=\"wpb-content-wrapper\"><div class=\"vc_row wpb_row vc_row-fluid thsn-row thsn-bg-color-yes thsn-bg-color-transparent thsn-zindex-zero\">\r\n\t\t\t<div class=\"wpb_column vc_column_container vc_col-sm-12 thsn-column thsn-bg-color-yes thsn-bg-color-transparent thsn-zindex-zero\">\r\n\t<div class=\"vc_column-inner\">\r\n\t\t\t<div class=\"wpb_wrapper\">\r\n\t\t\t<div class=\"vc_empty_space\"   style=\"height: 177px\"><span class=\"vc_empty_space_inner\"><\/span><\/div>\t\t<\/div>\r\n\t<\/div>\r\n<\/div>\r\n<\/div>\r\n<div data-vc-full-width=\"true\" data-vc-full-width-init=\"false\" class=\"vc_row wpb_row vc_row-fluid thsn-overflow-visible vc_custom_1563271081309 thsn-row thsn-bg-color-yes thsn-bg-color-transparent thsn-zindex-2\">\r\n\t\t\t<div class=\"wpb_column vc_column_container vc_col-sm-5 thsn-column thsn-bg-color-yes thsn-bg-color-transparent thsn-zindex-zero\">\r\n\t<div class=\"vc_column-inner vc_custom_1563604882799\">\r\n\t\t\t<div class=\"wpb_wrapper\">\r\n\t\t\t<h3 style=\"text-align: left\" class=\"vc_custom_heading vc_custom_1589588760833\" >Informationen zur Renaissance-Klinik<\/h3><div  class=\"thsn-ihbox thsn-ihbox-style-8  vc_custom_1592146624381\" >\r\n\t<div class=\"thsn-ihbox-box\">\r\n\t\t\t<div class=\"thsn-ihbox-headingicon d-flex align-items-center\">\r\n\t\t\t\t<div class=\"thsn-ihbox-icon\"><div class=\"thsn-ihbox-icon-wrapper\"><i class=\"thsn-dentiq-icon thsn-dentiq-icon-placeholder-1\"><\/i><\/div><\/div>\t\t\t\t<div class=\"thsn-heading\">\r\n\t\t\t\t\t<div class=\"thsn-ihbox-heading\"><\/div>\t\t\t\t\t\t\t\t\t<\/div>\r\n\t\t\t<\/div>\r\n\t\t\t<div class=\"thsn-ihbox-contents\">\r\n\t\t\t\t<div class=\"thsn-ihbox-content\">Calle Maestra Do\u00f1a Carola, 8, 29600 Marbella, M\u00e1laga<br \/>\nCalle San Juan Bosco, 8, 29601 Marbella, M\u00e1laga <\/div>\t\t\t\t\t\t\t<\/div><!-- .thsn-ihbox-contents -->\r\n\t<\/div>\r\n<\/div>\r\n<div  class=\"thsn-ihbox thsn-ihbox-style-8  vc_custom_1592146591798\" >\r\n\t<div class=\"thsn-ihbox-box\">\r\n\t\t\t<div class=\"thsn-ihbox-headingicon d-flex align-items-center\">\r\n\t\t\t\t<div class=\"thsn-ihbox-icon\"><div class=\"thsn-ihbox-icon-wrapper\"><i class=\"thsn-dentiq-icon thsn-dentiq-icon-call\"><\/i><\/div><\/div>\t\t\t\t<div class=\"thsn-heading\">\r\n\t\t\t\t\t<div class=\"thsn-ihbox-heading\"><\/div>\t\t\t\t\t\t\t\t\t<\/div>\r\n\t\t\t<\/div>\r\n\t\t\t<div class=\"thsn-ihbox-contents\">\r\n\t\t\t\t<div class=\"thsn-ihbox-content\">656 82 97 45<br \/>\n(Auch WhatsApp) <\/div>\t\t\t\t\t\t\t<\/div><!-- .thsn-ihbox-contents -->\r\n\t<\/div>\r\n<\/div>\r\n<div  class=\"thsn-ihbox thsn-ihbox-style-8\" >\r\n\t<div class=\"thsn-ihbox-box\">\r\n\t\t\t<div class=\"thsn-ihbox-headingicon d-flex align-items-center\">\r\n\t\t\t\t<div class=\"thsn-ihbox-icon\"><div class=\"thsn-ihbox-icon-wrapper\"><i class=\"thsn-dentiq-icon thsn-dentiq-icon-medical-record\"><\/i><\/div><\/div>\t\t\t\t<div class=\"thsn-heading\">\r\n\t\t\t\t\t<div class=\"thsn-ihbox-heading\"><\/div>\t\t\t\t\t\t\t\t\t<\/div>\r\n\t\t\t<\/div>\r\n\t\t\t<div class=\"thsn-ihbox-contents\">\r\n\t\t\t\t<div class=\"thsn-ihbox-content\">info@renacimientomarbella.com <\/div>\t\t\t\t\t\t\t<\/div><!-- .thsn-ihbox-contents -->\r\n\t<\/div>\r\n<\/div>\r\n\n\t<div class=\"wpb_text_column wpb_content_element\" >\n\t\t<div class=\"wpb_wrapper\">\n\t\t\t<ul class=\"thsn-social-links\"><li class=\"thsn-social-li thsn-social-facebook\"><a  title=\"thsn-base-icon-facebook-squared\" href=\"#\" target=\"_blank\"><span><i class=\"thsn-base-icon-facebook-squared\"><\/i><\/span><\/a><\/li><li class=\"thsn-social-li thsn-social-twitter\"><a  title=\"thsn-base-icon-twitter\" href=\"#\" target=\"_blank\"><span><i class=\"thsn-base-icon-twitter\"><\/i><\/span><\/a><\/li><li class=\"thsn-social-li thsn-social-linkedin\"><a  title=\"thsn-base-icon-linkedin-squared\" href=\"#\" target=\"_blank\"><span><i class=\"thsn-base-icon-linkedin-squared\"><\/i><\/span><\/a><\/li><li class=\"thsn-social-li thsn-social-instagram\"><a  title=\"thsn-base-icon-instagram\" href=\"#\" target=\"_blank\"><span><i class=\"thsn-base-icon-instagram\"><\/i><\/span><\/a><\/li><\/ul>\n\n\t\t<\/div>\n\t<\/div>\n\n\t<div class=\"wpb_text_column wpb_content_element\" >\n\t\t<div class=\"wpb_wrapper\">\n\t\t\t<div class=\"step-two how-step\">\n<div class=\"step-content\">\n<div class=\"desc-shortcode\" style=\"text-align: center;\"><div class=\"latepoint-book-button os_trigger_booking\"   data-nonce=\"35f12a09ee\">Einen Termin verabreden<\/div><\/div>\n<\/div>\n<\/div>\n\n\t\t<\/div>\n\t<\/div>\n\t\t<\/div>\r\n\t<\/div>\r\n<\/div>\r\n<div class=\"thsn-contact-box wpb_column vc_column_container vc_col-sm-7 thsn-column thsn-bg-color-yes thsn-bg-color-transparent thsn-zindex-2\">\r\n\t<div class=\"vc_column-inner vc_custom_1563271208092\">\r\n\t\t\t<div class=\"wpb_wrapper\">\r\n\t\t\t<div  class=\"thsn-ihbox thsn-ihbox-style-hsbox   thsn-reverse-heading-yes\" >\r\n\t\t\t\t\t<div class=\"thsn-ihbox-contents\">\r\n\t\t\t<div class=\"thsn-ihbox-subheading\"><\/div>\t\t\t<div class=\"thsn-ihbox-heading\"><\/div>\t\t\t\t\t\t\t\t<\/div><!-- .thsn-ihbox-contents -->\r\n\t\t\t<\/div>\r\n\n\t<div class=\"wpb_text_column wpb_content_element\" >\n\t\t<div class=\"wpb_wrapper\">\n\t\t\t<h3><strong>Wettbewerbsf\u00e4hige Preise in Ihrer Tasche<\/strong><\/h3>\n<dl>\n<dd>Komfortable, schnelle und ma\u00dfgeschneiderte Finanzierung.<\/dd>\n<dd>Der Kunde, der seine Behandlung finanzieren m\u00f6chte, legt uns die notwendigen Unterlagen vor, wir bearbeiten die Finanzierung gleichzeitig und best\u00e4tigen sie innerhalb von 48 Stunden.<\/dd>\n<dd>Von 3 bis 48\/60 Monaten.<\/dd>\n<dd>Bis zu 5.800 \u20ac<\/dd>\n<\/dl>\n<section>\n<header>\n<h3><\/h3>\n<h3>Dokumentation<\/h3>\n<\/header>\n<dl>\n<dd>Zum\u00a0<b>angestellte Arbeiter<\/b>: DNI.<\/dd>\n<dd>Zum\u00a0<b>Selbstst\u00e4ndiger<\/b>: NIF \/ IRPF (Modell 100) \/ Modell 130\/131 des letzten Quartals \/ Letzte Zahlung von Selbst\u00e4ndigen an die Sozialversicherung \/ Fotokopie der Bankkarte.<\/dd>\n<\/dl>\n<\/section>\n<section>\n<header>\n<h2>Was wir anbieten<\/h2>\n<\/header>\n<dl>\n<dd>\u00abIn Interventionen\u00bb<\/dd>\n<dt><b><i>Alles inklusive<\/i><\/b><\/dt>\n<dd>\u2022 Intervention.<\/dd>\n<dd>\u2022 An\u00e4sthesist.<\/dd>\n<dd>\u2022 Vollst\u00e4ndige pr\u00e4operative Behandlung.<\/dd>\n<dd>\u2022 Notwendige Krankenhausmedikamente.<\/dd>\n<dd>\u2022 Krankenhausaufenthalt<\/dd>\n<dd>\u2022 BH \/ G\u00fcrtel in der Intervention, die es erfordert.<\/dd>\n<dd>\u2022 Konsultationen und \u00dcberpr\u00fcfungen.<\/dd>\n<dd>\u2022 24-Stunden-Notrufnummer.<\/dd>\n<\/dl>\n<\/section>\n\n\t\t<\/div>\n\t<\/div>\n\t\t<\/div>\r\n\t<\/div>\r\n<\/div>\r\n<\/div>\r\n<div class=\"vc_row-full-width vc_clearfix\"><\/div><div data-vc-full-width=\"true\" data-vc-full-width-init=\"false\" class=\"vc_row wpb_row vc_row-fluid thsn-row thsn-bg-color-yes thsn-bg-color-transparent thsn-zindex-1 thsn-bgimage-position-center-center vc_row-o-content-middle vc_row-flex\">\r\n\t\t\t<div class=\"wpb_column vc_column_container vc_col-sm-6 thsn-column thsn-bg-color-yes thsn-bg-color-transparent thsn-zindex-1 thsn-bgimage-position-center-center\">\r\n\t<div class=\"vc_column-inner\">\r\n\t\t\t<div class=\"wpb_wrapper\">\r\n\t\t\t\n\t<div class=\"wpb_raw_code wpb_content_element wpb_raw_html vc_custom_1592146047731\" >\n\t\t<div class=\"wpb_wrapper\">\n\t\t\t<iframe loading=\"lazy\" src=\"https:\/\/www.google.com\/maps\/embed?pb=!1m18!1m12!1m3!1d3206.5446895719506!2d-4.898963484970059!3d36.51685148000787!2m3!1f0!2f0!3f0!3m2!1i1024!2i768!4f13.1!3m3!1m2!1s0xd72d7f905afa3dd%3A0x754b79d9ba0ac1bd!2sHospital%20Ceram%20Marbella!5e0!3m2!1sen!2ses!4v1592146042475!5m2!1sen!2ses\" width=\"600\" height=\"450\" frameborder=\"0\" style=\"border:0;\" allowfullscreen=\"\" aria-hidden=\"false\" tabindex=\"0\"><\/iframe>\n\t\t<\/div>\n\t<\/div>\n\t\t<\/div>\r\n\t<\/div>\r\n<\/div>\r\n<div class=\"wpb_column vc_column_container vc_col-sm-6 thsn-column thsn-bg-color-yes thsn-bg-color-transparent thsn-zindex-zero\">\r\n\t<div class=\"vc_column-inner\">\r\n\t\t\t<div class=\"wpb_wrapper\">\r\n\t\t\t\n\t<div class=\"wpb_raw_code wpb_content_element wpb_raw_html vc_custom_1592146027630\" >\n\t\t<div class=\"wpb_wrapper\">\n\t\t\t<iframe loading=\"lazy\" src=\"https:\/\/www.google.com\/maps\/embed?pb=!1m18!1m12!1m3!1d3206.874643445091!2d-4.890116384923477!3d36.50888799174346!2m3!1f0!2f0!3f0!3m2!1i1024!2i768!4f13.1!3m3!1m2!1s0xd7327f8afe1cb9f%3A0xba52ef4a385ced70!2sCalle%20San%20Juan%20Bosco%2C%208%2C%2029601%20Marbella%2C%20M%C3%A1laga!5e0!3m2!1sen!2ses!4v1592143381433!5m2!1sen!2ses\" width=\"600\" height=\"450\" frameborder=\"0\" style=\"border:0;\" allowfullscreen=\"\" aria-hidden=\"false\" tabindex=\"0\"><\/iframe>\n\t\t<\/div>\n\t<\/div>\n\t\t<\/div>\r\n\t<\/div>\r\n<\/div>\r\n<\/div>\r\n<div class=\"vc_row-full-width vc_clearfix\"><\/div>\n<\/div>","protected":false},"excerpt":{"rendered":"Informaci\u00f3n de la Cl\u00ednica Renacimiento Calle Maestra Do\u00f1a Carola, 8, 29600 Marbella, M\u00e1laga Calle San Juan Bosco, 8, 29601 Marbella, M\u00e1laga 656 82 97 45 (Tambi\u00e9n Whatsapp) info@renacimientomarbella.com Book Appointment Precios competitivos al alcance de tu bolsillo Financiaci\u00f3n c\u00f3moda, r\u00e1pida y a tu medida. El cliente que quiere financiar su tratamiento, nos presenta la documentaci\u00f3n [...]","protected":false},"author":1,"featured_media":0,"parent":0,"menu_order":0,"comment_status":"closed","ping_status":"closed","template":"","meta":{"footnotes":""},"acf":[],"yoast_head":"<!-- This site is optimized with the Yoast SEO Premium plugin v21.7 (Yoast SEO v21.9.1) - https:\/\/yoast.com\/wordpress\/plugins\/seo\/ -->\n<title>Financiaci\u00f3n - Cl\u00ednica Renacimiento Marbella<\/title>\n<meta name=\"description\" content=\"Financiaci\u00f3n - Escoge la Cl\u00ednica Renacimiento Madrid para tus Tratamientos de Cirug\u00eda y Medicina es\u00e9tica Facial y Corporal.\" \/>\n<meta name=\"robots\" content=\"index, follow, max-snippet:-1, max-image-preview:large, max-video-preview:-1\" \/>\n<link rel=\"canonical\" href=\"https:\/\/renacimientomarbella.com\/de\/financiacion\/\" \/>\n<meta property=\"og:locale\" content=\"de_DE\" \/>\n<meta property=\"og:type\" content=\"article\" \/>\n<meta property=\"og:title\" content=\"Financiaci\u00f3n\" \/>\n<meta property=\"og:description\" content=\"Financiaci\u00f3n - Escoge la Cl\u00ednica Renacimiento Madrid para tus Tratamientos de Cirug\u00eda y Medicina es\u00e9tica Facial y Corporal.\" \/>\n<meta property=\"og:url\" content=\"https:\/\/renacimientomarbella.com\/de\/financiacion\/\" \/>\n<meta property=\"og:site_name\" content=\"Cl\u00ednica Renacimiento Marbella\" \/>\n<meta property=\"article:publisher\" content=\"https:\/\/www.facebook.com\/Clinica.Renacimiento.Madrid\" \/>\n<meta property=\"article:modified_time\" content=\"2022-02-09T16:25:25+00:00\" \/>\n<meta property=\"og:image\" content=\"https:\/\/renacimientomarbella.com\/wp-content\/uploads\/2018\/10\/tratamientos-mas-populares-clinica-renacimiento-madrid.jpg\" \/>\n\t<meta property=\"og:image:width\" content=\"1200\" \/>\n\t<meta property=\"og:image:height\" content=\"1000\" \/>\n\t<meta property=\"og:image:type\" content=\"image\/jpeg\" \/>\n<meta name=\"twitter:card\" content=\"summary_large_image\" \/>\n<meta name=\"twitter:site\" content=\"@clinicamadrid\" \/>\n<meta name=\"twitter:label1\" content=\"Gesch\u00e4tzte Lesezeit\" \/>\n\t<meta name=\"twitter:data1\" content=\"3\u00a0Minuten\" \/>\n<script type=\"application\/ld+json\" class=\"yoast-schema-graph\">{\"@context\":\"https:\/\/schema.org\",\"@graph\":[{\"@type\":\"WebPage\",\"@id\":\"https:\/\/renacimientomarbella.com\/financiacion\",\"url\":\"https:\/\/renacimientomarbella.com\/financiacion\",\"name\":\"Financiaci\u00f3n - Cl\u00ednica Renacimiento Marbella\",\"isPartOf\":{\"@id\":\"https:\/\/renacimientomarbella.com\/#website\"},\"datePublished\":\"2020-05-16T01:06:07+00:00\",\"dateModified\":\"2022-02-09T16:25:25+00:00\",\"description\":\"Financiaci\u00f3n - Escoge la Cl\u00ednica Renacimiento Madrid para tus Tratamientos de Cirug\u00eda y Medicina es\u00e9tica Facial y Corporal.\",\"breadcrumb\":{\"@id\":\"https:\/\/renacimientomarbella.com\/financiacion#breadcrumb\"},\"inLanguage\":\"de\",\"potentialAction\":[{\"@type\":\"ReadAction\",\"target\":[\"https:\/\/renacimientomarbella.com\/financiacion\"]}]},{\"@type\":\"BreadcrumbList\",\"@id\":\"https:\/\/renacimientomarbella.com\/financiacion#breadcrumb\",\"itemListElement\":[{\"@type\":\"ListItem\",\"position\":1,\"name\":\"Inicio\",\"item\":\"https:\/\/renacimientomarbella.com\/\"},{\"@type\":\"ListItem\",\"position\":2,\"name\":\"Financiaci\u00f3n\"}]},{\"@type\":\"WebSite\",\"@id\":\"https:\/\/renacimientomarbella.com\/#website\",\"url\":\"https:\/\/renacimientomarbella.com\/\",\"name\":\"Cl\u00ednica Renacimiento Marbella\",\"description\":\"Cirug\u00eda y Medicina Est\u00e9tica en Marbella\",\"publisher\":{\"@id\":\"https:\/\/renacimientomarbella.com\/#organization\"},\"potentialAction\":[{\"@type\":\"SearchAction\",\"target\":{\"@type\":\"EntryPoint\",\"urlTemplate\":\"https:\/\/renacimientomarbella.com\/?s={search_term_string}\"},\"query-input\":\"required name=search_term_string\"}],\"inLanguage\":\"de\"},{\"@type\":[\"Organization\",\"Place\",\"MedicalClinic\"],\"@id\":\"https:\/\/renacimientomarbella.com\/#organization\",\"name\":\"Cl\u00ednica Renacimiento Madrid\",\"url\":\"https:\/\/renacimientomarbella.com\/\",\"logo\":{\"@id\":\"https:\/\/renacimientomarbella.com\/financiacion#local-main-organization-logo\"},\"image\":{\"@id\":\"https:\/\/renacimientomarbella.com\/financiacion#local-main-organization-logo\"},\"sameAs\":[\"https:\/\/www.facebook.com\/Clinica.Renacimiento.Madrid\",\"https:\/\/twitter.com\/clinicamadrid\",\"https:\/\/www.instagram.com\/clinicarenacimiento\/\",\"https:\/\/www.youtube.com\/channel\/UCGguanjUSJnQ_yQzhVa10Yw\"],\"address\":{\"@id\":\"https:\/\/renacimientomarbella.com\/financiacion#local-main-place-address\"},\"geo\":{\"@type\":\"GeoCoordinates\",\"latitude\":\"40.424108\",\"longitude\":\"-3.6987307\"},\"telephone\":[\"667597332\",\"915619129\"],\"openingHoursSpecification\":[{\"@type\":\"OpeningHoursSpecification\",\"dayOfWeek\":[\"Monday\",\"Tuesday\",\"Wednesday\",\"Thursday\",\"Friday\"],\"opens\":\"10:00\",\"closes\":\"20:00\"},{\"@type\":\"OpeningHoursSpecification\",\"dayOfWeek\":[\"Saturday\",\"Sunday\"],\"opens\":\"00:00\",\"closes\":\"00:00\"}],\"email\":\"info@renacimientomarbella.com\",\"areaServed\":\"Madrid y Marbella\",\"paymentAccepted\":\"Efectivo, Financiaci\u00f3n, Tarjeta de d\u00e9bito\/cr\u00e9dito, Transferencia bancaria\"},{\"@type\":\"PostalAddress\",\"@id\":\"https:\/\/renacimientomarbella.com\/financiacion#local-main-place-address\",\"streetAddress\":\"Calle Pr\u00edncipe de Vergara 55, 1\u00baC\",\"addressLocality\":\"Madrid\",\"postalCode\":\"28006\",\"addressRegion\":\"Comunidad de Madrid\",\"addressCountry\":\"ES\"},{\"@type\":\"ImageObject\",\"inLanguage\":\"de\",\"@id\":\"https:\/\/renacimientomarbella.com\/financiacion#local-main-organization-logo\",\"url\":\"https:\/\/renacimientomarbella.com\/wp-content\/uploads\/2020\/05\/Logo-Clinica-Renacimiento-Marbella.png\",\"contentUrl\":\"https:\/\/renacimientomarbella.com\/wp-content\/uploads\/2020\/05\/Logo-Clinica-Renacimiento-Marbella.png\",\"width\":155,\"height\":54,\"caption\":\"Cl\u00ednica Renacimiento Madrid\"}]}<\/script>\n<meta name=\"geo.placename\" content=\"Madrid\" \/>\n<meta name=\"geo.position\" content=\"40.424108;-3.6987307\" \/>\n<meta name=\"geo.region\" content=\"Spanien\" \/>\n<!-- \/ Yoast SEO Premium plugin. -->","yoast_head_json":{"title":"Financiaci\u00f3n - Cl\u00ednica Renacimiento Marbella","description":"Financiaci\u00f3n - Escoge la Cl\u00ednica Renacimiento Madrid para tus Tratamientos de Cirug\u00eda y Medicina es\u00e9tica Facial y Corporal.","robots":{"index":"index","follow":"follow","max-snippet":"max-snippet:-1","max-image-preview":"max-image-preview:large","max-video-preview":"max-video-preview:-1"},"canonical":"https:\/\/renacimientomarbella.com\/de\/financiacion\/","og_locale":"de_DE","og_type":"article","og_title":"Financiaci\u00f3n","og_description":"Financiaci\u00f3n - Escoge la Cl\u00ednica Renacimiento Madrid para tus Tratamientos de Cirug\u00eda y Medicina es\u00e9tica Facial y Corporal.","og_url":"https:\/\/renacimientomarbella.com\/de\/financiacion\/","og_site_name":"Cl\u00ednica Renacimiento Marbella","article_publisher":"https:\/\/www.facebook.com\/Clinica.Renacimiento.Madrid","article_modified_time":"2022-02-09T16:25:25+00:00","og_image":[{"width":1200,"height":1000,"url":"https:\/\/renacimientomarbella.com\/wp-content\/uploads\/2018\/10\/tratamientos-mas-populares-clinica-renacimiento-madrid.jpg","type":"image\/jpeg"}],"twitter_card":"summary_large_image","twitter_site":"@clinicamadrid","twitter_misc":{"Gesch\u00e4tzte Lesezeit":"3\u00a0Minuten"},"schema":{"@context":"https:\/\/schema.org","@graph":[{"@type":"WebPage","@id":"https:\/\/renacimientomarbella.com\/financiacion","url":"https:\/\/renacimientomarbella.com\/financiacion","name":"Financiaci\u00f3n - Cl\u00ednica Renacimiento Marbella","isPartOf":{"@id":"https:\/\/renacimientomarbella.com\/#website"},"datePublished":"2020-05-16T01:06:07+00:00","dateModified":"2022-02-09T16:25:25+00:00","description":"Financiaci\u00f3n - Escoge la Cl\u00ednica Renacimiento Madrid para tus Tratamientos de Cirug\u00eda y Medicina es\u00e9tica Facial y Corporal.","breadcrumb":{"@id":"https:\/\/renacimientomarbella.com\/financiacion#breadcrumb"},"inLanguage":"de","potentialAction":[{"@type":"ReadAction","target":["https:\/\/renacimientomarbella.com\/financiacion"]}]},{"@type":"BreadcrumbList","@id":"https:\/\/renacimientomarbella.com\/financiacion#breadcrumb","itemListElement":[{"@type":"ListItem","position":1,"name":"Inicio","item":"https:\/\/renacimientomarbella.com\/"},{"@type":"ListItem","position":2,"name":"Financiaci\u00f3n"}]},{"@type":"WebSite","@id":"https:\/\/renacimientomarbella.com\/#website","url":"https:\/\/renacimientomarbella.com\/","name":"Cl\u00ednica Renacimiento Marbella","description":"Cirug\u00eda y Medicina Est\u00e9tica en Marbella","publisher":{"@id":"https:\/\/renacimientomarbella.com\/#organization"},"potentialAction":[{"@type":"SearchAction","target":{"@type":"EntryPoint","urlTemplate":"https:\/\/renacimientomarbella.com\/?s={search_term_string}"},"query-input":"required name=search_term_string"}],"inLanguage":"de"},{"@type":["Organization","Place","MedicalClinic"],"@id":"https:\/\/renacimientomarbella.com\/#organization","name":"Cl\u00ednica Renacimiento Madrid","url":"https:\/\/renacimientomarbella.com\/","logo":{"@id":"https:\/\/renacimientomarbella.com\/financiacion#local-main-organization-logo"},"image":{"@id":"https:\/\/renacimientomarbella.com\/financiacion#local-main-organization-logo"},"sameAs":["https:\/\/www.facebook.com\/Clinica.Renacimiento.Madrid","https:\/\/twitter.com\/clinicamadrid","https:\/\/www.instagram.com\/clinicarenacimiento\/","https:\/\/www.youtube.com\/channel\/UCGguanjUSJnQ_yQzhVa10Yw"],"address":{"@id":"https:\/\/renacimientomarbella.com\/financiacion#local-main-place-address"},"geo":{"@type":"GeoCoordinates","latitude":"40.424108","longitude":"-3.6987307"},"telephone":["667597332","915619129"],"openingHoursSpecification":[{"@type":"OpeningHoursSpecification","dayOfWeek":["Monday","Tuesday","Wednesday","Thursday","Friday"],"opens":"10:00","closes":"20:00"},{"@type":"OpeningHoursSpecification","dayOfWeek":["Saturday","Sunday"],"opens":"00:00","closes":"00:00"}],"email":"info@renacimientomarbella.com","areaServed":"Madrid y Marbella","paymentAccepted":"Efectivo, Financiaci\u00f3n, Tarjeta de d\u00e9bito\/cr\u00e9dito, Transferencia bancaria"},{"@type":"PostalAddress","@id":"https:\/\/renacimientomarbella.com\/financiacion#local-main-place-address","streetAddress":"Calle Pr\u00edncipe de Vergara 55, 1\u00baC","addressLocality":"Madrid","postalCode":"28006","addressRegion":"Comunidad de Madrid","addressCountry":"ES"},{"@type":"ImageObject","inLanguage":"de","@id":"https:\/\/renacimientomarbella.com\/financiacion#local-main-organization-logo","url":"https:\/\/renacimientomarbella.com\/wp-content\/uploads\/2020\/05\/Logo-Clinica-Renacimiento-Marbella.png","contentUrl":"https:\/\/renacimientomarbella.com\/wp-content\/uploads\/2020\/05\/Logo-Clinica-Renacimiento-Marbella.png","width":155,"height":54,"caption":"Cl\u00ednica Renacimiento Madrid"}]},"geo.placename":"Madrid","geo.position":{"lat":"40.424108","long":"-3.6987307"},"geo.region":"Spanien"},"_links":{"self":[{"href":"https:\/\/renacimientomarbella.com\/de\/wp-json\/wp\/v2\/pages\/13525"}],"collection":[{"href":"https:\/\/renacimientomarbella.com\/de\/wp-json\/wp\/v2\/pages"}],"about":[{"href":"https:\/\/renacimientomarbella.com\/de\/wp-json\/wp\/v2\/types\/page"}],"author":[{"embeddable":true,"href":"https:\/\/renacimientomarbella.com\/de\/wp-json\/wp\/v2\/users\/1"}],"replies":[{"embeddable":true,"href":"https:\/\/renacimientomarbella.com\/de\/wp-json\/wp\/v2\/comments?post=13525"}],"version-history":[{"count":0,"href":"https:\/\/renacimientomarbella.com\/de\/wp-json\/wp\/v2\/pages\/13525\/revisions"}],"wp:attachment":[{"href":"https:\/\/renacimientomarbella.com\/de\/wp-json\/wp\/v2\/media?parent=13525"}],"curies":[{"name":"wp","href":"https:\/\/api.w.org\/{rel}","templated":true}]}}